{"id":5786,"date":"2021-12-28T08:29:33","date_gmt":"2021-12-28T07:29:33","guid":{"rendered":"https:\/\/contrast.dk\/cookie-richtlinie\/"},"modified":"2021-12-28T08:29:33","modified_gmt":"2021-12-28T07:29:33","slug":"cookie-richtlinie","status":"publish","type":"page","link":"https:\/\/contrast.dk\/de\/cookie-richtlinie\/","title":{"rendered":"Cookie-Richtlinie"},"content":{"rendered":"<section class=\"wpb-content-wrapper\"><p>[vc_row][vc_column][vc_empty_space height=&#8220;30px&#8220;][vc_column_text]<\/p>\n<h2><\/h2>\n<h2><span class=\"tab-title\">COOKIE-RICHTLINIE<\/span><\/h2>\n<p>&nbsp;<\/p>\n<p>Auf der Website www.contrast.dk verwenden wir Cookies gem\u00e4\u00df dieser Cookie-Richtlinie.<\/p>\n<p>&nbsp;<\/p>\n<p><strong>EIGENT\u00dcMER UND KONTAKTINFORMATIONEN<\/strong><\/p>\n<p><strong>Die Website ist Eigentum und wird ver\u00f6ffentlicht von:<\/strong><br \/>\nContrast Company A\/S<br \/>\nRudfolfg\u00e5rdsvej 6A<br \/>\n8260 Viby J<br \/>\nAarhus, Denmark<br \/>\n<strong>Telefon:<\/strong> +45 88 70 97 00<br \/>\n<strong>Post:<\/strong> mail@contrast.dk<br \/>\n<strong>CVR:<\/strong> 33954816<\/p>\n<p>&nbsp;<\/p>\n<p><strong>WAS IST EIN COOKIE?<\/strong><\/p>\n<div class=\"moove-gdpr-tab-main-content\">\n<p><strong>Cookies sind kleine Textdateien, die in Ihrem Browser gespeichert werden, damit wir sehen k\u00f6nnen, dass Ihr Computer, Smartphone, iPad oder \u00e4hnliches diese Website besucht hat.<\/strong><br \/>\nDiese Cookies k\u00f6nnen viele verschiedene Zwecke haben und beispielsweise verwendet werden, um Pr\u00e4ferenzen zu speichern und Statistiken \u00fcber Ihren Besuch und andere Besucher zu f\u00fchren.<\/p>\n<p><strong>Notwendige Cookies:\u00a0<\/strong>Bestimmte Arten von Cookies sind f\u00fcr diese Website erforderlich, um beispielsweise einen Dienst bereitzustellen, den Sie ausdr\u00fccklich angefordert haben. Das kann zum Beispiel ein Login sein.<\/p>\n<p><strong>Cookies f\u00fcr Ihre Pr\u00e4ferenzen:\u00a0<\/strong>Diese Arten von Cookies m\u00fcssen sicherstellen, dass Sie hier auf der Website die bestm\u00f6gliche Erfahrung machen. Dies k\u00f6nnen Cookies sein, die sich an Ihre Navigation auf der Seite, Auswahlm\u00f6glichkeiten in K\u00e4stchen und dergleichen erinnern. Keine dieser gesammelten Informationen kann Sie pers\u00f6nlich identifizieren.<\/p>\n<p><strong>Cookies zur Optimierung und zum laufenden Betrieb:\u00a0<\/strong>Diese Arten von Cookies werden beispielsweise verwendet, um Statistiken \u00fcber den Verkehr zu und von der Website zu sammeln. Diese Daten k\u00f6nnen Sie als Nutzer nur eingeschr\u00e4nkt identifizieren. Diese Daten werden jedoch nicht personenbezogen verwendet. Die Daten werden hier unter anderem im Zusammenhang mit unserer Verwendung von Google Analytics, MetaTraffic oder anderen Analyseprogrammen verwendet. Diese Informationen gehen an Server, die sich sowohl in D\u00e4nemark als auch im Ausland befinden k\u00f6nnen. Sie k\u00f6nnen Cookies von Google Analytics hier deaktivieren:\u00a0<a href=\"http:\/\/tools.google.com\/dlpage\/gaoptout\" target=\"_blank\" rel=\"noopener\">http:\/\/tools.google.com\/dlpage\/gaoptout<\/a><\/p>\n<p><strong>So lehnen Sie Cookies ab:\u00a0<\/strong>Durch \u00c4ndern der Einstellungen in Ihrem Browser k\u00f6nnen Sie Cookies auf Ihrem Computer ablehnen. Wie Sie die Einstellungen in Ihrem Browser \u00e4ndern, h\u00e4ngt davon ab, welchen Browser Sie verwenden. Wenn Sie Ihren Browser so einstellen, dass Sie keine Cookies erhalten, m\u00fcssen Sie sich dar\u00fcber im Klaren sein, dass Ihnen m\u00f6glicherweise Funktionen und \u00c4hnliches auf der Website entgehen, die dann nicht funktionieren.<\/p>\n<p><strong>So l\u00f6schen Sie Ihre Cookies:\u00a0<\/strong>Wenn Sie zuvor Cookies akzeptiert haben, k\u00f6nnen diese auch gel\u00f6scht werden. Dies tun Sie ebenfalls in den Einstellungen Ihres Webbrowsers.<\/p>\n<\/div>\n<p>[\/vc_column_text][vc_empty_space height=&#8220;50px&#8220;][\/vc_column][\/vc_row]<\/p>\n<\/section>","protected":false},"excerpt":{"rendered":"<p>[vc_row][vc_column][vc_empty_space height=&#8220;30px&#8220;][vc_column_text] COOKIE-RICHTLINIE &nbsp; Auf der Website www.contrast.dk verwenden wir Cookies gem\u00e4\u00df dieser Cookie-Richtlinie. &nbsp; EIGENT\u00dcMER UND KONTAKTINFORMATIONEN Die Website ist Eigentum und wird ver\u00f6ffentlicht von: Contrast Company A\/S Rudfolfg\u00e5rdsvej 6A 8260 Viby J Aarhus, Denmark Telefon: +45 88 70 97 00 Post: mail@contrast.dk CVR: 33954816 &nbsp; WAS IST EIN COOKIE? Cookies sind kleine Textdateien, &#8230; <a title=\"Cookie-Richtlinie\" class=\"read-more\" href=\"https:\/\/contrast.dk\/de\/cookie-richtlinie\/\" aria-label=\"Mehr zu Cookie-Richtlinie\">Weiterlesen &#8230;<\/a><\/p>\n","protected":false},"author":1,"featured_media":0,"parent":0,"menu_order":21,"comment_status":"closed","ping_status":"closed","template":"","meta":{"footnotes":""},"categories":[],"acf":[],"yoast_head":"<!-- This site is optimized with the Yoast SEO plugin v20.10 - https:\/\/yoast.com\/wordpress\/plugins\/seo\/ -->\n<title>Cookie-Richtlinie &middot; Contrast Company A\/S<\/title>\n<meta name=\"robots\" content=\"index, follow, max-snippet:-1, max-image-preview:large, max-video-preview:-1\" \/>\n<link rel=\"canonical\" href=\"https:\/\/contrast.dk\/cookie-richtlinie\/\" \/>\n<meta property=\"og:locale\" content=\"de_DE\" \/>\n<meta property=\"og:type\" content=\"article\" \/>\n<meta property=\"og:title\" content=\"Cookie-Richtlinie &middot; Contrast Company A\/S\" \/>\n<meta property=\"og:description\" content=\"[vc_row][vc_column][vc_empty_space height=&#8220;30px&#8220;][vc_column_text] COOKIE-RICHTLINIE &nbsp; Auf der Website www.contrast.dk verwenden wir Cookies gem\u00e4\u00df dieser Cookie-Richtlinie. &nbsp; EIGENT\u00dcMER UND KONTAKTINFORMATIONEN Die Website ist Eigentum und wird ver\u00f6ffentlicht von: Contrast Company A\/S Rudfolfg\u00e5rdsvej 6A 8260 Viby J Aarhus, Denmark Telefon: +45 88 70 97 00 Post: mail@contrast.dk CVR: 33954816 &nbsp; WAS IST EIN COOKIE? Cookies sind kleine Textdateien, ... Weiterlesen ...\" \/>\n<meta property=\"og:url\" content=\"https:\/\/contrast.dk\/cookie-richtlinie\/\" \/>\n<meta property=\"og:site_name\" content=\"Contrast Company A\/S\" \/>\n<meta name=\"twitter:card\" content=\"summary_large_image\" \/>\n<meta name=\"twitter:label1\" content=\"Gesch\u00e4tzte Lesezeit\" \/>\n\t<meta name=\"twitter:data1\" content=\"2\u00a0Minuten\" \/>\n<script type=\"application\/ld+json\" class=\"yoast-schema-graph\">{\"@context\":\"https:\/\/schema.org\",\"@graph\":[{\"@type\":\"WebPage\",\"@id\":\"https:\/\/contrast.dk\/cookie-richtlinie\/\",\"url\":\"https:\/\/contrast.dk\/cookie-richtlinie\/\",\"name\":\"Cookie-Richtlinie &middot; Contrast Company A\/S\",\"isPartOf\":{\"@id\":\"https:\/\/contrast.dk\/#website\"},\"datePublished\":\"2021-12-28T07:29:33+00:00\",\"dateModified\":\"2021-12-28T07:29:33+00:00\",\"breadcrumb\":{\"@id\":\"https:\/\/contrast.dk\/cookie-richtlinie\/#breadcrumb\"},\"inLanguage\":\"de\",\"potentialAction\":[{\"@type\":\"ReadAction\",\"target\":[\"https:\/\/contrast.dk\/cookie-richtlinie\/\"]}]},{\"@type\":\"BreadcrumbList\",\"@id\":\"https:\/\/contrast.dk\/cookie-richtlinie\/#breadcrumb\",\"itemListElement\":[{\"@type\":\"ListItem\",\"position\":1,\"name\":\"Hjem\",\"item\":\"https:\/\/contrast.dk\/de\/\"},{\"@type\":\"ListItem\",\"position\":2,\"name\":\"Cookie-Richtlinie\"}]},{\"@type\":\"WebSite\",\"@id\":\"https:\/\/contrast.dk\/#website\",\"url\":\"https:\/\/contrast.dk\/\",\"name\":\"Contrast Company A\/S\",\"description\":\"Vi str\u00e6ber efter at v\u00e6re din foretrukne licenspartner\",\"publisher\":{\"@id\":\"https:\/\/contrast.dk\/#organization\"},\"potentialAction\":[{\"@type\":\"SearchAction\",\"target\":{\"@type\":\"EntryPoint\",\"urlTemplate\":\"https:\/\/contrast.dk\/?s={search_term_string}\"},\"query-input\":\"required name=search_term_string\"}],\"inLanguage\":\"de\"},{\"@type\":\"Organization\",\"@id\":\"https:\/\/contrast.dk\/#organization\",\"name\":\"Contrast Company A\/S\",\"url\":\"https:\/\/contrast.dk\/\",\"logo\":{\"@type\":\"ImageObject\",\"inLanguage\":\"de\",\"@id\":\"https:\/\/contrast.dk\/#\/schema\/logo\/image\/\",\"url\":\"https:\/\/contrast.dk\/wp-content\/uploads\/2021\/12\/contrast-logo-hvid-grn.svg\",\"contentUrl\":\"https:\/\/contrast.dk\/wp-content\/uploads\/2021\/12\/contrast-logo-hvid-grn.svg\",\"width\":275,\"height\":57,\"caption\":\"Contrast Company A\/S\"},\"image\":{\"@id\":\"https:\/\/contrast.dk\/#\/schema\/logo\/image\/\"}}]}<\/script>\n<!-- \/ Yoast SEO plugin. -->","yoast_head_json":{"title":"Cookie-Richtlinie &middot; Contrast Company A\/S","robots":{"index":"index","follow":"follow","max-snippet":"max-snippet:-1","max-image-preview":"max-image-preview:large","max-video-preview":"max-video-preview:-1"},"canonical":"https:\/\/contrast.dk\/cookie-richtlinie\/","og_locale":"de_DE","og_type":"article","og_title":"Cookie-Richtlinie &middot; Contrast Company A\/S","og_description":"[vc_row][vc_column][vc_empty_space height=&#8220;30px&#8220;][vc_column_text] COOKIE-RICHTLINIE &nbsp; Auf der Website www.contrast.dk verwenden wir Cookies gem\u00e4\u00df dieser Cookie-Richtlinie. &nbsp; EIGENT\u00dcMER UND KONTAKTINFORMATIONEN Die Website ist Eigentum und wird ver\u00f6ffentlicht von: Contrast Company A\/S Rudfolfg\u00e5rdsvej 6A 8260 Viby J Aarhus, Denmark Telefon: +45 88 70 97 00 Post: mail@contrast.dk CVR: 33954816 &nbsp; WAS IST EIN COOKIE? Cookies sind kleine Textdateien, ... Weiterlesen ...","og_url":"https:\/\/contrast.dk\/cookie-richtlinie\/","og_site_name":"Contrast Company A\/S","twitter_card":"summary_large_image","twitter_misc":{"Gesch\u00e4tzte Lesezeit":"2\u00a0Minuten"},"schema":{"@context":"https:\/\/schema.org","@graph":[{"@type":"WebPage","@id":"https:\/\/contrast.dk\/cookie-richtlinie\/","url":"https:\/\/contrast.dk\/cookie-richtlinie\/","name":"Cookie-Richtlinie &middot; Contrast Company A\/S","isPartOf":{"@id":"https:\/\/contrast.dk\/#website"},"datePublished":"2021-12-28T07:29:33+00:00","dateModified":"2021-12-28T07:29:33+00:00","breadcrumb":{"@id":"https:\/\/contrast.dk\/cookie-richtlinie\/#breadcrumb"},"inLanguage":"de","potentialAction":[{"@type":"ReadAction","target":["https:\/\/contrast.dk\/cookie-richtlinie\/"]}]},{"@type":"BreadcrumbList","@id":"https:\/\/contrast.dk\/cookie-richtlinie\/#breadcrumb","itemListElement":[{"@type":"ListItem","position":1,"name":"Hjem","item":"https:\/\/contrast.dk\/de\/"},{"@type":"ListItem","position":2,"name":"Cookie-Richtlinie"}]},{"@type":"WebSite","@id":"https:\/\/contrast.dk\/#website","url":"https:\/\/contrast.dk\/","name":"Contrast Company A\/S","description":"Vi str\u00e6ber efter at v\u00e6re din foretrukne licenspartner","publisher":{"@id":"https:\/\/contrast.dk\/#organization"},"potentialAction":[{"@type":"SearchAction","target":{"@type":"EntryPoint","urlTemplate":"https:\/\/contrast.dk\/?s={search_term_string}"},"query-input":"required name=search_term_string"}],"inLanguage":"de"},{"@type":"Organization","@id":"https:\/\/contrast.dk\/#organization","name":"Contrast Company A\/S","url":"https:\/\/contrast.dk\/","logo":{"@type":"ImageObject","inLanguage":"de","@id":"https:\/\/contrast.dk\/#\/schema\/logo\/image\/","url":"https:\/\/contrast.dk\/wp-content\/uploads\/2021\/12\/contrast-logo-hvid-grn.svg","contentUrl":"https:\/\/contrast.dk\/wp-content\/uploads\/2021\/12\/contrast-logo-hvid-grn.svg","width":275,"height":57,"caption":"Contrast Company A\/S"},"image":{"@id":"https:\/\/contrast.dk\/#\/schema\/logo\/image\/"}}]}},"_links":{"self":[{"href":"https:\/\/contrast.dk\/de\/wp-json\/wp\/v2\/pages\/5786"}],"collection":[{"href":"https:\/\/contrast.dk\/de\/wp-json\/wp\/v2\/pages"}],"about":[{"href":"https:\/\/contrast.dk\/de\/wp-json\/wp\/v2\/types\/page"}],"author":[{"embeddable":true,"href":"https:\/\/contrast.dk\/de\/wp-json\/wp\/v2\/users\/1"}],"replies":[{"embeddable":true,"href":"https:\/\/contrast.dk\/de\/wp-json\/wp\/v2\/comments?post=5786"}],"version-history":[{"count":0,"href":"https:\/\/contrast.dk\/de\/wp-json\/wp\/v2\/pages\/5786\/revisions"}],"wp:attachment":[{"href":"https:\/\/contrast.dk\/de\/wp-json\/wp\/v2\/media?parent=5786"}],"wp:term":[{"taxonomy":"category","embeddable":true,"href":"https:\/\/contrast.dk\/de\/wp-json\/wp\/v2\/categories?post=5786"}],"curies":[{"name":"wp","href":"https:\/\/api.w.org\/{rel}","templated":true}]}}