{"id":5772,"date":"2021-12-22T15:57:23","date_gmt":"2021-12-22T14:57:23","guid":{"rendered":"https:\/\/contrast.dk\/unsere-geschichte\/"},"modified":"2022-09-09T12:50:18","modified_gmt":"2022-09-09T10:50:18","slug":"unsere-geschichte","status":"publish","type":"page","link":"https:\/\/contrast.dk\/de\/unsere-geschichte\/","title":{"rendered":"Unsere Geschichte"},"content":{"rendered":"<section class=\"wpb-content-wrapper\"><p>[vc_row][vc_column]<div class=\"ult-spacer spacer-69ea3b56e5982\" data-id=\"69ea3b56e5982\" data-height=\"120\" data-height-mobile=\"60\" data-height-tab=\"120\" data-height-tab-portrait=\"120\" data-height-mobile-landscape=\"60\" style=\"clear:both;display:block;\"><\/div>[vc_row_inner][vc_column_inner width=&#8220;1\/6&#8243;][\/vc_column_inner][vc_column_inner width=&#8220;2\/3&#8243;][vc_column_text el_class=&#8220;custom-h3&#8243;]<\/p>\n<h1 style=\"text-align: center;\"><span style=\"color: #00983a;\">Die Geschichte der Contrast Company\u00a0<\/span><\/h1>\n<p>[\/vc_column_text][vc_empty_space height=&#8220;15px&#8220;][vc_separator color=&#8220;custom&#8220; border_width=&#8220;4&#8243; el_width=&#8220;30&#8243; accent_color=&#8220;#00983a&#8220;][vc_empty_space height=&#8220;30px&#8220;][vc_column_text]<\/p>\n<p style=\"text-align: center;\"><em>\u201dDer Name \u201eContrast\u201c beruht auf der Idee, einen Kontrast zu anderen Unternehmen zu erschaffen, die damals in derselben Branche aktiv waren. Wir wollten gern zeigen, dass wir auch noch etwas anderes k\u00f6nnen.\u201d<br \/>\n<\/em><\/p>\n<p style=\"text-align: center;\">Torben Hartvigsen<br \/>\nGr\u00fcnder von Contrast Company A\/S<\/p>\n<p>[\/vc_column_text][\/vc_column_inner][vc_column_inner width=&#8220;1\/6&#8243;][\/vc_column_inner][\/vc_row_inner]<div class=\"ult-spacer spacer-69ea3b56e59b1\" data-id=\"69ea3b56e59b1\" data-height=\"120\" data-height-mobile=\"60\" data-height-tab=\"120\" data-height-tab-portrait=\"60\" data-height-mobile-landscape=\"60\" style=\"clear:both;display:block;\"><\/div>[\/vc_column][\/vc_row][vc_row full_width=&#8220;stretch_row_content&#8220; el_class=&#8220;cta&#8220;][vc_column offset=&#8220;vc_hidden-md vc_hidden-sm vc_hidden-xs&#8220;][vc_separator][vc_single_image image=&#8220;5612&#8243; img_size=&#8220;full&#8220; alignment=&#8220;center&#8220;][vc_separator]<div class=\"ult-spacer spacer-69ea3b56e59c9\" data-id=\"69ea3b56e59c9\" data-height=\"90\" data-height-mobile=\"60\" data-height-tab=\"90\" data-height-tab-portrait=\"60\" data-height-mobile-landscape=\"60\" style=\"clear:both;display:block;\"><\/div>[\/vc_column][\/vc_row][vc_row full_width=&#8220;stretch_row_content&#8220; el_class=&#8220;cta&#8220;][vc_column offset=&#8220;vc_hidden-lg&#8220;]<div class=\"ult-spacer spacer-69ea3b56e59dd\" data-id=\"69ea3b56e59dd\" data-height=\"90\" data-height-mobile=\"60\" data-height-tab=\"90\" data-height-tab-portrait=\"60\" data-height-mobile-landscape=\"60\" style=\"clear:both;display:block;\"><\/div>[vc_separator][vc_single_image image=&#8220;5615&#8243; img_size=&#8220;full&#8220; alignment=&#8220;center&#8220;][vc_separator]<div class=\"ult-spacer spacer-69ea3b56e59f0\" data-id=\"69ea3b56e59f0\" data-height=\"90\" data-height-mobile=\"60\" data-height-tab=\"90\" data-height-tab-portrait=\"60\" data-height-mobile-landscape=\"60\" style=\"clear:both;display:block;\"><\/div>[\/vc_column][\/vc_row][vc_row full_width=&#8220;stretch_row_content_no_spaces&#8220; equal_height=&#8220;yes&#8220; content_placement=&#8220;middle&#8220; el_class=&#8220;reverse&#8220;][vc_column offset=&#8220;vc_col-lg-6 vc_col-md-6 vc_col-xs-12&#8243; css=&#8220;.vc_custom_1662641144345{background-image: url(https:\/\/contrast.dk\/wp-content\/uploads\/2021\/12\/strategi-jesper-hartvigsen-rotated.jpg?id=3284) !important;background-position: center !important;background-repeat: no-repeat !important;background-size: cover !important;}&#8220;]<div class=\"ult-spacer spacer-69ea3b56e5a02\" data-id=\"69ea3b56e5a02\" data-height=\"500\" data-height-mobile=\"400\" data-height-tab=\"500\" data-height-tab-portrait=\"500\" data-height-mobile-landscape=\"400\" style=\"clear:both;display:block;\"><\/div>[\/vc_column][vc_column offset=&#8220;vc_col-lg-6 vc_col-md-6 vc_col-xs-12&#8243; css=&#8220;.vc_custom_1662641147902{padding-top: 60px !important;padding-right: 60px !important;padding-bottom: 60px !important;padding-left: 60px !important;}&#8220;]<div class=\"ult-spacer spacer-69ea3b56e5a19\" data-id=\"69ea3b56e5a19\" data-height=\"30\" data-height-mobile=\"0\" data-height-tab=\"30\" data-height-tab-portrait=\"0\" data-height-mobile-landscape=\"0\" style=\"clear:both;display:block;\"><\/div>[vc_column_text el_class=&#8220;custom-h3&#8243;]<\/p>\n<h3><span style=\"color: #00983a;\">2015<\/span><\/h3>\n<p>[\/vc_column_text][vc_empty_space height=&#8220;15px&#8220;][vc_separator color=&#8220;custom&#8220; align=&#8220;align_left&#8220; border_width=&#8220;5&#8243; el_width=&#8220;20&#8243; accent_color=&#8220;#00983a&#8220;][vc_empty_space height=&#8220;40px&#8220;][vc_column_text el_class=&#8220;custom-h3&#8243;]<\/p>\n<h3>Jesper Hartvigsen wird CEO und Miteigent\u00fcmer<\/h3>\n<p>[\/vc_column_text][vc_empty_space height=&#8220;60px&#8220;][vc_column_text el_class=&#8220;custom-h3&#8243;]2015 \u00fcbernahm Jesper Hartvigsen, der Vetter des Gr\u00fcnders Torben Hartvigsen, die Rolle des Gesch\u00e4ftsf\u00fchrers. Jesper war seit 2005 bei Contrast t\u00e4tig und wurde 2011 zum Miteigent\u00fcmer.<\/p>\n<p>Gem\u00e4\u00df dem Wunsch und der Ambition von Torben Hartvigsen, dass sich Contrast von der Masse der Unternehmen in derselben Branche abhebt, wurde der urspr\u00fcngliche Gedankengang beim Generationswechsel beibehalten. Jespers Ziel war, das Unternehmen zum bevorzugten Zusammenarbeitspartner im Bereich Bekleidung, Accessoires und Heimtextilien zu machen. Einerseits wollte er den urspr\u00fcnglichen Gedanken des Familienunternehmens weiterf\u00fchren. Ebenso wichtig war ihm als Gesch\u00e4ftsf\u00fchrer allerdings auch, sich auf einen Kernbereich zu konzentrieren. Daher hat es sich Jesper zur wichtigsten Aufgabe gemacht, Contrast zu einem Ort zu machen, an dem man gerne arbeitet und an dem Ergebnisse \u00fcber eine starke und wertebasierte Unternehmenskultur erschaffen werden.<\/p>\n<p><em>\u201eZentraler Punkt ist es, ein Unternehmen zu erschaffen, bei dem Ordentlichkeit den Alltag bestimmt. Es gibt niemanden, der \u00fcber der Kultur oder dem Unternehmen steht \u2013 auch nicht wir als Eigent\u00fcmer. Um auf diesem Wege zum Erfolg zu gelangen, ist es am allerwichtigsten, dass sich die Mitarbeiter jeden Tags aufs Neue auf ihre Arbeit freuen. Eine Arbeit, die Sinn ergibt, f\u00fcr die man sich verantwortlich f\u00fchlt und die einen Mehrwert liefert. Wenn wir neue Mitarbeiter einstellen, nehmen wir nicht gleich den N\u00e4chstbesten, und konzentrieren uns auf die Leute, die zu unseren starken Unternehmenskultur beitragen k\u00f6nnen. Im Alltag sollen s\u00e4mtliche Handlungen beruhend auf der Let\u00b4s Win Together-Attit\u00fcde ausgef\u00fchrt werden, und wir m\u00fcssen uns bewusst sein, dass unser Erfolg von unserer gesamten Wertekette abh\u00e4ngt. Wir sorgen daf\u00fcr, dass unsere Kunden so wenig Arbeit wie m\u00f6glich mit unseren Bestellungen haben, gleichzeitig aber auch gut verdienen und mit dem, was wir ihnen liefern, erfolgreich sind. Wir \u00fcbernehmen gro\u00dfe Verantwortung f\u00fcr unseren Teil der Zusammenarbeit Wir sind daf\u00fcr mitverantwortlich, dass auch unsere Lieferanten ein gutes und gesundes Gesch\u00e4ft f\u00fchren. Wir helfen den Lieferanten dabei, ihr Gesch\u00e4ft zu entwickeln, indem wir ihre Einnahmen steigern, aber auch bei der sozialen Verantwortung, die sie f\u00fcr Ihre Produktionsabteilungen tragen. Es geht um Respekt voreinander und darum, denen, die zum Erfolg beigetragen haben, auch etwas zur\u00fcckzugeben.\u201c<\/em><\/p>\n<p><strong>Jesper Hartvigsen<\/strong><br \/>\nCEO und Miteigent\u00fcmer[\/vc_column_text]<div class=\"ult-spacer spacer-69ea3b56e5a2a\" data-id=\"69ea3b56e5a2a\" data-height=\"30\" data-height-mobile=\"0\" data-height-tab=\"30\" data-height-tab-portrait=\"0\" data-height-mobile-landscape=\"0\" style=\"clear:both;display:block;\"><\/div>[\/vc_column][\/vc_row][vc_row full_width=&#8220;stretch_row&#8220;][vc_column]<div class=\"ult-spacer spacer-69ea3b56e5a3f\" data-id=\"69ea3b56e5a3f\" data-height=\"200\" data-height-mobile=\"0\" data-height-tab=\"200\" data-height-tab-portrait=\"0\" data-height-mobile-landscape=\"0\" style=\"clear:both;display:block;\"><\/div>[\/vc_column][\/vc_row][vc_row full_width=&#8220;stretch_row_content_no_spaces&#8220; equal_height=&#8220;yes&#8220;][vc_column el_class=&#8220;custom-border&#8220; offset=&#8220;vc_col-lg-6 vc_col-md-6 vc_col-xs-12&#8243; css=&#8220;.vc_custom_1662641195383{padding-top: 60px !important;padding-right: 60px !important;padding-bottom: 60px !important;padding-left: 60px !important;}&#8220;]<div class=\"ult-spacer spacer-69ea3b56e5a4f\" data-id=\"69ea3b56e5a4f\" data-height=\"30\" data-height-mobile=\"0\" data-height-tab=\"30\" data-height-tab-portrait=\"0\" data-height-mobile-landscape=\"0\" style=\"clear:both;display:block;\"><\/div>[vc_column_text el_class=&#8220;custom-h3&#8243;]<\/p>\n<h3><span style=\"color: #00983a;\">1996<\/span><\/h3>\n<p>[\/vc_column_text][vc_empty_space height=&#8220;15px&#8220;][vc_separator color=&#8220;custom&#8220; align=&#8220;align_left&#8220; border_width=&#8220;5&#8243; el_width=&#8220;20&#8243; accent_color=&#8220;#00983a&#8220;][vc_empty_space height=&#8220;40px&#8220;][vc_column_text el_class=&#8220;custom-h3&#8243;]<\/p>\n<h3>Torben Hartvigsen gr\u00fcndet Contrast Company A\/S<\/h3>\n<p>[\/vc_column_text][vc_empty_space height=&#8220;60px&#8220;][vc_column_text el_class=&#8220;custom-h3&#8243;]1996 kam dem Gr\u00fcnder und derzeitigen Miteigent\u00fcmer des Unternehmens, Torben Hartvigsen, die Idee, ein neues unternehmerisches Abenteuer anzutreten. Im Jahr 1996 gr\u00fcndete er Contrast beruhend auf dem Wunsch und dem Bestreben, ein Textilunternehmen zu erschaffen, das sich von der Masse abhebt. Mittlerweile nimmt die Contrast Company eine marktf\u00fchrende Position im Bereich der Gestaltung von Lizenz-, lizenzfreien und Handelsmarkentextilien mit starkem Fokus auf die Kategorien Apparel, Accessoires sowie Heimtextilien und -produkte ein.<\/p>\n<p>\u201dDer Name \u201eContrast\u201c beruht auf der Idee, einen Kontrast zu anderen Unternehmen zu erschaffen, die damals in derselben Branche aktiv waren. Wir wollten gern zeigen, dass wir auch noch etwas anderes k\u00f6nnen. Einer unserer gr\u00f6\u00dften Wettbewerbsvorteile bestand darin, dass wir uns auf rasche Lieferungen konzentrierten. Bei anderen Unternehmen beliefen sich die Lieferzeiten damals typischerweise auf 6 Monate. Wir konnten schneller liefern und uns somit von den anderen abheben.\u201c<\/p>\n<p><strong>Torben Hartvigsen<\/strong><br \/>\nGr\u00fcnder und Miteigent\u00fcmer[\/vc_column_text]<div class=\"ult-spacer spacer-69ea3b56e5a5e\" data-id=\"69ea3b56e5a5e\" data-height=\"30\" data-height-mobile=\"0\" data-height-tab=\"30\" data-height-tab-portrait=\"0\" data-height-mobile-landscape=\"0\" style=\"clear:both;display:block;\"><\/div>[\/vc_column][vc_column css=&#8220;.vc_custom_1662641199700{background-image: url(https:\/\/contrast.dk\/wp-content\/uploads\/2022\/02\/strategi-torben-hartvigsen2-scaled.jpg?id=3876) !important;background-position: center !important;background-repeat: no-repeat !important;background-size: cover !important;}&#8220; offset=&#8220;vc_col-lg-6 vc_col-md-6 vc_col-xs-12&#8243; el_class=&#8220;custom-image-border&#8220;]<div class=\"ult-spacer spacer-69ea3b56e5a6e\" data-id=\"69ea3b56e5a6e\" data-height=\"500\" data-height-mobile=\"400\" data-height-tab=\"500\" data-height-tab-portrait=\"500\" data-height-mobile-landscape=\"400\" style=\"clear:both;display:block;\"><\/div>[\/vc_column][\/vc_row][vc_row full_width=&#8220;stretch_row_content_no_spaces&#8220; css=&#8220;.vc_custom_1640193177868{background-image: url(https:\/\/contrast.dk\/wp-content\/uploads\/2021\/12\/header-tree-dark-green.svg?id=3123) !important;}&#8220; el_class=&#8220;tree&#8220;][vc_column]<div class=\"ult-spacer spacer-69ea3b56e5a7c\" data-id=\"69ea3b56e5a7c\" data-height=\"130\" data-height-mobile=\"60\" data-height-tab=\"130\" data-height-tab-portrait=\"60\" data-height-mobile-landscape=\"60\" style=\"clear:both;display:block;\"><\/div>[vc_row_inner][vc_column_inner offset=&#8220;vc_col-lg-2 vc_col-md-4 vc_col-xs-12&#8243;]<div class=\"ult-spacer spacer-69ea3b56e5a8b\" data-id=\"69ea3b56e5a8b\" data-height=\"0\" data-height-mobile=\"250\" data-height-tab=\"0\" data-height-tab-portrait=\"250\" data-height-mobile-landscape=\"250\" style=\"clear:both;display:block;\"><\/div>[\/vc_column_inner][vc_column_inner width=&#8220;2\/3&#8243; offset=&#8220;vc_col-lg-10 vc_col-md-8 vc_hidden-sm vc_col-xs-12 vc_hidden-xs&#8220;][vc_empty_space height=&#8220;60px&#8220;][vc_column_text el_class=&#8220;text-tree&#8220;]<\/p>\n<h3><span style=\"color: #00983a;\">Let&#8217;s win together<\/span><\/h3>\n<p>[\/vc_column_text][\/vc_column_inner][\/vc_row_inner]<div class=\"ult-spacer spacer-69ea3b56e5a9a\" data-id=\"69ea3b56e5a9a\" data-height=\"90\" data-height-mobile=\"60\" data-height-tab=\"90\" data-height-tab-portrait=\"60\" data-height-mobile-landscape=\"60\" style=\"clear:both;display:block;\"><\/div>[\/vc_column][\/vc_row]<\/p>\n<\/section>","protected":false},"excerpt":{"rendered":"<p>[vc_row][vc_column][vc_row_inner][vc_column_inner width=&#8220;1\/6&#8243;][\/vc_column_inner][vc_column_inner width=&#8220;2\/3&#8243;][vc_column_text el_class=&#8220;custom-h3&#8243;] Die Geschichte der Contrast Company\u00a0 [\/vc_column_text][vc_empty_space height=&#8220;15px&#8220;][vc_separator color=&#8220;custom&#8220; border_width=&#8220;4&#8243; el_width=&#8220;30&#8243; accent_color=&#8220;#00983a&#8220;][vc_empty_space height=&#8220;30px&#8220;][vc_column_text] \u201dDer Name \u201eContrast\u201c beruht auf der Idee, einen Kontrast zu anderen Unternehmen zu erschaffen, die damals in derselben Branche aktiv waren. Wir wollten gern zeigen, dass wir auch noch etwas anderes k\u00f6nnen.\u201d Torben Hartvigsen Gr\u00fcnder von Contrast Company A\/S &#8230; <a title=\"Unsere Geschichte\" class=\"read-more\" href=\"https:\/\/contrast.dk\/de\/unsere-geschichte\/\" aria-label=\"Mehr zu Unsere Geschichte\">Weiterlesen &#8230;<\/a><\/p>\n","protected":false},"author":1,"featured_media":4905,"parent":0,"menu_order":7,"comment_status":"closed","ping_status":"closed","template":"","meta":{"footnotes":""},"categories":[],"acf":[],"yoast_head":"<!-- This site is optimized with the Yoast SEO plugin v20.10 - https:\/\/yoast.com\/wordpress\/plugins\/seo\/ -->\n<title>Unsere Geschichte &middot; Contrast Company A\/S<\/title>\n<meta name=\"robots\" content=\"index, follow, max-snippet:-1, max-image-preview:large, max-video-preview:-1\" \/>\n<link rel=\"canonical\" href=\"https:\/\/contrast.dk\/de\/unsere-geschichte\/\" \/>\n<meta property=\"og:locale\" content=\"de_DE\" \/>\n<meta property=\"og:type\" content=\"article\" \/>\n<meta property=\"og:title\" content=\"Unsere Geschichte &middot; Contrast Company A\/S\" \/>\n<meta property=\"og:description\" content=\"[vc_row][vc_column][vc_row_inner][vc_column_inner width=&#8220;1\/6&#8243;][\/vc_column_inner][vc_column_inner width=&#8220;2\/3&#8243;][vc_column_text el_class=&#8220;custom-h3&#8243;] Die Geschichte der Contrast Company\u00a0 [\/vc_column_text][vc_empty_space height=&#8220;15px&#8220;][vc_separator color=&#8220;custom&#8220; border_width=&#8220;4&#8243; el_width=&#8220;30&#8243; accent_color=&#8220;#00983a&#8220;][vc_empty_space height=&#8220;30px&#8220;][vc_column_text] \u201dDer Name \u201eContrast\u201c beruht auf der Idee, einen Kontrast zu anderen Unternehmen zu erschaffen, die damals in derselben Branche aktiv waren. Wir wollten gern zeigen, dass wir auch noch etwas anderes k\u00f6nnen.\u201d Torben Hartvigsen Gr\u00fcnder von Contrast Company A\/S ... Weiterlesen ...\" \/>\n<meta property=\"og:url\" content=\"https:\/\/contrast.dk\/de\/unsere-geschichte\/\" \/>\n<meta property=\"og:site_name\" content=\"Contrast Company A\/S\" \/>\n<meta property=\"article:modified_time\" content=\"2022-09-09T10:50:18+00:00\" \/>\n<meta property=\"og:image\" content=\"https:\/\/contrast.dk\/wp-content\/uploads\/2021\/12\/kontor-3-rotated.jpg\" \/>\n\t<meta property=\"og:image:width\" content=\"2000\" \/>\n\t<meta property=\"og:image:height\" content=\"1333\" \/>\n\t<meta property=\"og:image:type\" content=\"image\/jpeg\" \/>\n<meta name=\"twitter:card\" content=\"summary_large_image\" \/>\n<meta name=\"twitter:label1\" content=\"Gesch\u00e4tzte Lesezeit\" \/>\n\t<meta name=\"twitter:data1\" content=\"4\u00a0Minuten\" \/>\n<script type=\"application\/ld+json\" class=\"yoast-schema-graph\">{\"@context\":\"https:\/\/schema.org\",\"@graph\":[{\"@type\":\"WebPage\",\"@id\":\"https:\/\/contrast.dk\/de\/unsere-geschichte\/\",\"url\":\"https:\/\/contrast.dk\/de\/unsere-geschichte\/\",\"name\":\"Unsere Geschichte &middot; Contrast Company A\/S\",\"isPartOf\":{\"@id\":\"https:\/\/contrast.dk\/#website\"},\"datePublished\":\"2021-12-22T14:57:23+00:00\",\"dateModified\":\"2022-09-09T10:50:18+00:00\",\"breadcrumb\":{\"@id\":\"https:\/\/contrast.dk\/de\/unsere-geschichte\/#breadcrumb\"},\"inLanguage\":\"de\",\"potentialAction\":[{\"@type\":\"ReadAction\",\"target\":[\"https:\/\/contrast.dk\/de\/unsere-geschichte\/\"]}]},{\"@type\":\"BreadcrumbList\",\"@id\":\"https:\/\/contrast.dk\/de\/unsere-geschichte\/#breadcrumb\",\"itemListElement\":[{\"@type\":\"ListItem\",\"position\":1,\"name\":\"Hjem\",\"item\":\"https:\/\/contrast.dk\/de\/\"},{\"@type\":\"ListItem\",\"position\":2,\"name\":\"Unsere Geschichte\"}]},{\"@type\":\"WebSite\",\"@id\":\"https:\/\/contrast.dk\/#website\",\"url\":\"https:\/\/contrast.dk\/\",\"name\":\"Contrast Company A\/S\",\"description\":\"Vi str\u00e6ber efter at v\u00e6re din foretrukne licenspartner\",\"publisher\":{\"@id\":\"https:\/\/contrast.dk\/#organization\"},\"potentialAction\":[{\"@type\":\"SearchAction\",\"target\":{\"@type\":\"EntryPoint\",\"urlTemplate\":\"https:\/\/contrast.dk\/?s={search_term_string}\"},\"query-input\":\"required name=search_term_string\"}],\"inLanguage\":\"de\"},{\"@type\":\"Organization\",\"@id\":\"https:\/\/contrast.dk\/#organization\",\"name\":\"Contrast Company A\/S\",\"url\":\"https:\/\/contrast.dk\/\",\"logo\":{\"@type\":\"ImageObject\",\"inLanguage\":\"de\",\"@id\":\"https:\/\/contrast.dk\/#\/schema\/logo\/image\/\",\"url\":\"https:\/\/contrast.dk\/wp-content\/uploads\/2021\/12\/contrast-logo-hvid-grn.svg\",\"contentUrl\":\"https:\/\/contrast.dk\/wp-content\/uploads\/2021\/12\/contrast-logo-hvid-grn.svg\",\"width\":275,\"height\":57,\"caption\":\"Contrast Company A\/S\"},\"image\":{\"@id\":\"https:\/\/contrast.dk\/#\/schema\/logo\/image\/\"}}]}<\/script>\n<!-- \/ Yoast SEO plugin. -->","yoast_head_json":{"title":"Unsere Geschichte &middot; Contrast Company A\/S","robots":{"index":"index","follow":"follow","max-snippet":"max-snippet:-1","max-image-preview":"max-image-preview:large","max-video-preview":"max-video-preview:-1"},"canonical":"https:\/\/contrast.dk\/de\/unsere-geschichte\/","og_locale":"de_DE","og_type":"article","og_title":"Unsere Geschichte &middot; Contrast Company A\/S","og_description":"[vc_row][vc_column][vc_row_inner][vc_column_inner width=&#8220;1\/6&#8243;][\/vc_column_inner][vc_column_inner width=&#8220;2\/3&#8243;][vc_column_text el_class=&#8220;custom-h3&#8243;] Die Geschichte der Contrast Company\u00a0 [\/vc_column_text][vc_empty_space height=&#8220;15px&#8220;][vc_separator color=&#8220;custom&#8220; border_width=&#8220;4&#8243; el_width=&#8220;30&#8243; accent_color=&#8220;#00983a&#8220;][vc_empty_space height=&#8220;30px&#8220;][vc_column_text] \u201dDer Name \u201eContrast\u201c beruht auf der Idee, einen Kontrast zu anderen Unternehmen zu erschaffen, die damals in derselben Branche aktiv waren. Wir wollten gern zeigen, dass wir auch noch etwas anderes k\u00f6nnen.\u201d Torben Hartvigsen Gr\u00fcnder von Contrast Company A\/S ... Weiterlesen ...","og_url":"https:\/\/contrast.dk\/de\/unsere-geschichte\/","og_site_name":"Contrast Company A\/S","article_modified_time":"2022-09-09T10:50:18+00:00","og_image":[{"width":2000,"height":1333,"url":"https:\/\/contrast.dk\/wp-content\/uploads\/2021\/12\/kontor-3-rotated.jpg","type":"image\/jpeg"}],"twitter_card":"summary_large_image","twitter_misc":{"Gesch\u00e4tzte Lesezeit":"4\u00a0Minuten"},"schema":{"@context":"https:\/\/schema.org","@graph":[{"@type":"WebPage","@id":"https:\/\/contrast.dk\/de\/unsere-geschichte\/","url":"https:\/\/contrast.dk\/de\/unsere-geschichte\/","name":"Unsere Geschichte &middot; Contrast Company A\/S","isPartOf":{"@id":"https:\/\/contrast.dk\/#website"},"datePublished":"2021-12-22T14:57:23+00:00","dateModified":"2022-09-09T10:50:18+00:00","breadcrumb":{"@id":"https:\/\/contrast.dk\/de\/unsere-geschichte\/#breadcrumb"},"inLanguage":"de","potentialAction":[{"@type":"ReadAction","target":["https:\/\/contrast.dk\/de\/unsere-geschichte\/"]}]},{"@type":"BreadcrumbList","@id":"https:\/\/contrast.dk\/de\/unsere-geschichte\/#breadcrumb","itemListElement":[{"@type":"ListItem","position":1,"name":"Hjem","item":"https:\/\/contrast.dk\/de\/"},{"@type":"ListItem","position":2,"name":"Unsere Geschichte"}]},{"@type":"WebSite","@id":"https:\/\/contrast.dk\/#website","url":"https:\/\/contrast.dk\/","name":"Contrast Company A\/S","description":"Vi str\u00e6ber efter at v\u00e6re din foretrukne licenspartner","publisher":{"@id":"https:\/\/contrast.dk\/#organization"},"potentialAction":[{"@type":"SearchAction","target":{"@type":"EntryPoint","urlTemplate":"https:\/\/contrast.dk\/?s={search_term_string}"},"query-input":"required name=search_term_string"}],"inLanguage":"de"},{"@type":"Organization","@id":"https:\/\/contrast.dk\/#organization","name":"Contrast Company A\/S","url":"https:\/\/contrast.dk\/","logo":{"@type":"ImageObject","inLanguage":"de","@id":"https:\/\/contrast.dk\/#\/schema\/logo\/image\/","url":"https:\/\/contrast.dk\/wp-content\/uploads\/2021\/12\/contrast-logo-hvid-grn.svg","contentUrl":"https:\/\/contrast.dk\/wp-content\/uploads\/2021\/12\/contrast-logo-hvid-grn.svg","width":275,"height":57,"caption":"Contrast Company A\/S"},"image":{"@id":"https:\/\/contrast.dk\/#\/schema\/logo\/image\/"}}]}},"_links":{"self":[{"href":"https:\/\/contrast.dk\/de\/wp-json\/wp\/v2\/pages\/5772"}],"collection":[{"href":"https:\/\/contrast.dk\/de\/wp-json\/wp\/v2\/pages"}],"about":[{"href":"https:\/\/contrast.dk\/de\/wp-json\/wp\/v2\/types\/page"}],"author":[{"embeddable":true,"href":"https:\/\/contrast.dk\/de\/wp-json\/wp\/v2\/users\/1"}],"replies":[{"embeddable":true,"href":"https:\/\/contrast.dk\/de\/wp-json\/wp\/v2\/comments?post=5772"}],"version-history":[{"count":1,"href":"https:\/\/contrast.dk\/de\/wp-json\/wp\/v2\/pages\/5772\/revisions"}],"predecessor-version":[{"id":5773,"href":"https:\/\/contrast.dk\/de\/wp-json\/wp\/v2\/pages\/5772\/revisions\/5773"}],"wp:featuredmedia":[{"embeddable":true,"href":"https:\/\/contrast.dk\/de\/wp-json\/wp\/v2\/media\/4905"}],"wp:attachment":[{"href":"https:\/\/contrast.dk\/de\/wp-json\/wp\/v2\/media?parent=5772"}],"wp:term":[{"taxonomy":"category","embeddable":true,"href":"https:\/\/contrast.dk\/de\/wp-json\/wp\/v2\/categories?post=5772"}],"curies":[{"name":"wp","href":"https:\/\/api.w.org\/{rel}","templated":true}]}}