{"id":5580,"date":"2021-12-22T16:42:48","date_gmt":"2021-12-22T15:42:48","guid":{"rendered":"https:\/\/contrast.dk\/jobs-und-karriere\/"},"modified":"2025-06-02T14:16:08","modified_gmt":"2025-06-02T12:16:08","slug":"jobs-und-karriere","status":"publish","type":"page","link":"https:\/\/contrast.dk\/de\/jobs-und-karriere\/","title":{"rendered":"Jobs und Karriere"},"content":{"rendered":"<section class=\"wpb-content-wrapper\"><p>[vc_row full_width=&#8220;stretch_row_content_no_spaces&#8220; el_class=&#8220;no-finger hide-on-mobile&#8220;][vc_column width=&#8220;1\/3&#8243;]<div class=\"ult-new-ib ult-ib-effect-style2  ult-ib-resp ult-ib2-min-height \" data-min-width=\"768\" data-max-width=\"900\" style=\"background:#000000; opacity:0; \" data-opacity=\"1\" data-hover-opacity=\"1\"  data-min-height=\"300\" ><img decoding=\"async\" class=\"ult-new-ib-img\" style=\"opacity:1;\" alt=\"null\" src=\"https:\/\/contrast.dk\/wp-content\/uploads\/2022\/02\/arbejdssituationer-5-rotated.jpg\"  data-min-height=\"300\"   \/><div id=\"interactive-banner-wrap-1534\" class=\"ult-new-ib-desc\" style=\"\"><h3 class=\"ult-new-ib-title ult-responsive\"  data-ultimate-target='#interactive-banner-wrap-1534 .ult-new-ib-title'  data-responsive-json-new='{\"font-size\":\"desktop:26px;tablet:26px;tablet_portrait:22px;mobile_landscape:26px;mobile:22px;\",\"line-height\":\"\"}'  style=\"font-weight:normal;color:#ffffff;\"><\/h3><\/div><\/div>[\/vc_column][vc_column width=&#8220;1\/3&#8243;]<div class=\"ult-new-ib ult-ib-effect-style2  ult-ib-resp ult-ib2-min-height \" data-min-width=\"768\" data-max-width=\"900\" style=\"background:#000000; opacity:0; \" data-opacity=\"0.5\" data-hover-opacity=\"0.5\"  data-min-height=\"300\" ><img decoding=\"async\" class=\"ult-new-ib-img\" style=\"opacity:0.5;\" alt=\"null\" src=\"https:\/\/contrast.dk\/wp-content\/uploads\/2021\/12\/kontor-rotated.jpg\"  data-min-height=\"300\"   \/><div id=\"interactive-banner-wrap-3141\" class=\"ult-new-ib-desc\" style=\"\"><h3 class=\"ult-new-ib-title ult-responsive\"  data-ultimate-target='#interactive-banner-wrap-3141 .ult-new-ib-title'  data-responsive-json-new='{\"font-size\":\"desktop:26px;tablet:26px;tablet_portrait:22px;mobile_landscape:26px;mobile:22px;\",\"line-height\":\"\"}'  style=\"font-weight:normal;color:#ffffff;\"><\/h3><\/div><\/div>[\/vc_column][vc_column width=&#8220;1\/3&#8243;]<div class=\"ult-new-ib ult-ib-effect-style2  ult-ib-resp ult-ib2-min-height \" data-min-width=\"768\" data-max-width=\"900\" style=\"background:#000000; opacity:0; \" data-opacity=\"1\" data-hover-opacity=\"1\"  data-min-height=\"300\" ><img decoding=\"async\" class=\"ult-new-ib-img\" style=\"opacity:1;\" alt=\"null\" src=\"https:\/\/contrast.dk\/wp-content\/uploads\/2022\/02\/mode-showroom-gaming-rotated.jpg\"  data-min-height=\"300\"   \/><div id=\"interactive-banner-wrap-6792\" class=\"ult-new-ib-desc\" style=\"\"><h3 class=\"ult-new-ib-title ult-responsive\"  data-ultimate-target='#interactive-banner-wrap-6792 .ult-new-ib-title'  data-responsive-json-new='{\"font-size\":\"desktop:26px;tablet:26px;tablet_portrait:22px;mobile_landscape:26px;mobile:22px;\",\"line-height\":\"\"}'  style=\"font-weight:normal;color:#ffffff;\"><\/h3><\/div><\/div>[\/vc_column][\/vc_row][vc_row full_width=&#8220;stretch_row_content_no_spaces&#8220; el_class=&#8220;no-finger hide-on-mobile&#8220;][vc_column width=&#8220;1\/3&#8243;]<div class=\"ult-new-ib ult-ib-effect-style2  ult-ib-resp ult-ib2-min-height \" data-min-width=\"768\" data-max-width=\"900\" style=\"background:#000000; opacity:0; \" data-opacity=\"0.5\" data-hover-opacity=\"0.5\"  data-min-height=\"300\" ><img decoding=\"async\" class=\"ult-new-ib-img\" style=\"opacity:0.5;\" alt=\"null\" src=\"https:\/\/contrast.dk\/wp-content\/uploads\/2022\/02\/kontor-2-rotated.jpg\"  data-min-height=\"300\"   \/><div id=\"interactive-banner-wrap-4624\" class=\"ult-new-ib-desc\" style=\"\"><h3 class=\"ult-new-ib-title ult-responsive\"  data-ultimate-target='#interactive-banner-wrap-4624 .ult-new-ib-title'  data-responsive-json-new='{\"font-size\":\"desktop:26px;tablet:26px;tablet_portrait:22px;mobile_landscape:26px;mobile:22px;\",\"line-height\":\"\"}'  style=\"font-weight:normal;color:#ffffff;\"><\/h3><\/div><\/div>[\/vc_column][vc_column width=&#8220;1\/3&#8243;]<div class=\"ult-new-ib ult-ib-effect-style2  ult-ib-resp ult-ib2-min-height \" data-min-width=\"768\" data-max-width=\"900\" style=\"background:#000000; opacity:0; \" data-opacity=\"1\" data-hover-opacity=\"1\"  data-min-height=\"300\" ><img decoding=\"async\" class=\"ult-new-ib-img\" style=\"opacity:1;\" alt=\"null\" src=\"https:\/\/contrast.dk\/wp-content\/uploads\/2022\/02\/arbejdssituationer-15-rotated.jpg\"  data-min-height=\"300\"   \/><div id=\"interactive-banner-wrap-8034\" class=\"ult-new-ib-desc\" style=\"\"><h3 class=\"ult-new-ib-title ult-responsive\"  data-ultimate-target='#interactive-banner-wrap-8034 .ult-new-ib-title'  data-responsive-json-new='{\"font-size\":\"desktop:26px;tablet:26px;tablet_portrait:22px;mobile_landscape:26px;mobile:22px;\",\"line-height\":\"\"}'  style=\"font-weight:normal;color:#ffffff;\"><\/h3><\/div><\/div>[\/vc_column][vc_column width=&#8220;1\/3&#8243;]<div class=\"ult-new-ib ult-ib-effect-style2  ult-ib-resp ult-ib2-min-height \" data-min-width=\"768\" data-max-width=\"900\" style=\"background:#000000; opacity:0; \" data-opacity=\"0.5\" data-hover-opacity=\"0.5\"  data-min-height=\"300\" ><img decoding=\"async\" class=\"ult-new-ib-img\" style=\"opacity:0.5;\" alt=\"null\" src=\"https:\/\/contrast.dk\/wp-content\/uploads\/2021\/12\/lounge-2-rotated.jpg\"  data-min-height=\"300\"   \/><div id=\"interactive-banner-wrap-9684\" class=\"ult-new-ib-desc\" style=\"\"><h3 class=\"ult-new-ib-title ult-responsive\"  data-ultimate-target='#interactive-banner-wrap-9684 .ult-new-ib-title'  data-responsive-json-new='{\"font-size\":\"desktop:26px;tablet:26px;tablet_portrait:22px;mobile_landscape:26px;mobile:22px;\",\"line-height\":\"\"}'  style=\"font-weight:normal;color:#ffffff;\"><\/h3><\/div><\/div>[\/vc_column][\/vc_row][vc_row full_width=&#8220;stretch_row&#8220;][vc_column]<div class=\"ult-spacer spacer-69ea3bb3da203\" data-id=\"69ea3bb3da203\" data-height=\"120\" data-height-mobile=\"60\" data-height-tab=\"120\" data-height-tab-portrait=\"60\" data-height-mobile-landscape=\"60\" style=\"clear:both;display:block;\"><\/div>[vc_column_text]<\/p>\n<h1 style=\"text-align: center;\"><span style=\"color: #00983a;\">Sie sind unsere wichtigste und wertvollste Ressource<\/span><\/h1>\n<p>[\/vc_column_text][vc_empty_space height=&#8220;15px&#8220;][vc_separator color=&#8220;custom&#8220; border_width=&#8220;5&#8243; el_width=&#8220;20&#8243; accent_color=&#8220;#00983a&#8220; el_class=&#8220;centerseperator&#8220;][vc_empty_space height=&#8220;30px&#8220;][vc_column_text]<\/p>\n<p style=\"text-align: center;\">Alle unsere Mitarbeiter arbeiten gem\u00e4\u00df der Denkweise, dass wir im Unternehmen als Einheit agieren, und dass wir mit vereinten Kr\u00e4ften daf\u00fcr k\u00e4mpfen, gemeinsam erfolgreich zu sein. Wir glauben daran, dass unterschiedliche Kompetenzen, Erfahrungen und Pers\u00f6nlichkeiten gute gemeinsame Ergebnisse zu Tage f\u00f6rdern, wenn es uns gelingt, diese Aspekte hervorzuheben und uns darauf zu konzentrieren, einander zum Vorteil zu werden.<\/p>\n<p style=\"text-align: center;\">Wir von der Contrast Company sind \u00fcberzeugt, dass unsere f\u00fcnf Kernwerte der treibende Faktor hinter unserer Arbeit sind. Unsere Kultur ist keine Konstante, sondern ver\u00e4ndert sich st\u00e4ndig. Daher f\u00fchren wir mehrmals im Jahr Kompetenzentwicklungs- und Team-Tage durch, bei denen wir gemeinsam untersuchen, ob unsere t\u00e4glichen Handlungen und unser t\u00e4gliches Verhalten unserer Unternehmenskultur und unseren gemeinsamen strategischen Zielen entsprechen.<\/p>\n<p style=\"text-align: center;\">M\u00f6chten Sie Teil eines wertebasierten Unternehmens werden, das der Vision zugrunde liegt, gemeinsam erfolgreich zu sein, indem wir starke Partnerschaften aufbauen, einander respektieren und uns um unsere Umwelt k\u00fcmmern? Wir freuen uns auf Sie!<\/p>\n<p style=\"text-align: center;\">Bei Fragen k\u00f6nnen Sie sich gern telefonisch unter <a href=\"tel:004588709700\">+45 88 70 97 00<\/a> oder per E-Mail unter <a href=\"mailto:job@contrast.dk\">job@contrast.dk<\/a> bei uns melden.<\/p>\n<p>[\/vc_column_text]<div class=\"ult-spacer spacer-69ea3bb3da21f\" data-id=\"69ea3bb3da21f\" data-height=\"120\" data-height-mobile=\"60\" data-height-tab=\"120\" data-height-tab-portrait=\"60\" data-height-mobile-landscape=\"60\" style=\"clear:both;display:block;\"><\/div>[\/vc_column][\/vc_row][vc_row full_width=&#8220;stretch_row_content_no_spaces&#8220; el_class=&#8220;white&#8220; el_id=&#8220;anwendung&#8220;][vc_column][vc_separator]<div class=\"ult-spacer spacer-69ea3bb3da233\" data-id=\"69ea3bb3da233\" data-height=\"90\" data-height-mobile=\"60\" data-height-tab=\"90\" data-height-tab-portrait=\"60\" data-height-mobile-landscape=\"60\" style=\"clear:both;display:block;\"><\/div>[vc_row_inner equal_height=&#8220;yes&#8220;][vc_column_inner el_class=&#8220;stretch-fill&#8220; width=&#8220;1\/2&#8243; css=&#8220;.vc_custom_1645447814807{background-color: #58595b !important;}&#8220;][vc_column_text el_class=&#8220;custom-h3&#8243;]<\/p>\n<h3>Stellenangebote auf<br \/>\nLinkedIn finden<\/h3>\n<p>[\/vc_column_text][vc_empty_space height=&#8220;15px&#8220;][vc_separator color=&#8220;white&#8220; align=&#8220;align_left&#8220; border_width=&#8220;5&#8243; el_width=&#8220;20&#8243;][vc_empty_space height=&#8220;30px&#8220;][vc_single_image image=&#8220;4375&#8243; img_size=&#8220;full&#8220; alignment=&#8220;right&#8220; el_class=&#8220;job-boble&#8220;][\/vc_column_inner][vc_column_inner el_class=&#8220;stretch-fill&#8220; width=&#8220;1\/2&#8243; css=&#8220;.vc_custom_1645447858426{background-color: #ced0d0 !important;}&#8220;][vc_column_text el_class=&#8220;custom-h3&#8243;]<\/p>\n<h3>Initiativbewerbungen senden Sie bitte an<br \/>\n<a href=\"mailto:job@contrast.dk\">job@contrast.dk<\/a><\/h3>\n<p>[\/vc_column_text][vc_empty_space height=&#8220;15px&#8220;][vc_separator color=&#8220;white&#8220; align=&#8220;align_left&#8220; border_width=&#8220;5&#8243; el_width=&#8220;20&#8243;][vc_empty_space height=&#8220;30px&#8220;][vc_single_image image=&#8220;4374&#8243; img_size=&#8220;full&#8220; alignment=&#8220;right&#8220; el_class=&#8220;job-boble&#8220;][\/vc_column_inner][\/vc_row_inner][\/vc_column][\/vc_row][vc_row full_width=&#8220;stretch_row_content&#8220; el_class=&#8220;stretch-full&#8220;][vc_column]<div class=\"ult-spacer spacer-69ea3bb3da246\" data-id=\"69ea3bb3da246\" data-height=\"90\" data-height-mobile=\"60\" data-height-tab=\"90\" data-height-tab-portrait=\"60\" data-height-mobile-landscape=\"60\" style=\"clear:both;display:block;\"><\/div>[vc_column_text]<\/p>\n<h3 style=\"text-align: center;\"><span style=\"color: #00983a;\">Unsere Botschafter<\/span><\/h3>\n<p>[\/vc_column_text][vc_empty_space height=&#8220;15px&#8220;][vc_separator color=&#8220;custom&#8220; border_width=&#8220;5&#8243; el_width=&#8220;20&#8243; accent_color=&#8220;#00983a&#8220; el_class=&#8220;centerseperator&#8220;][vc_empty_space height=&#8220;90px&#8220;][vc_row_inner][vc_column_inner width=&#8220;1\/2&#8243; offset=&#8220;vc_col-lg-4 vc_col-md-4 vc_col-xs-12&#8243;][vc_single_image image=&#8220;5947&#8243; img_size=&#8220;full&#8220;][vc_empty_space height=&#8220;60px&#8220;][vc_column_text el_class=&#8220;custom-h3&#8243;]<\/p>\n<h3>\u201eUnsere Werte und unsere Kultur sind die Grundlage daf\u00fcr, dass wir uns wir uns im Unternehmen<br \/>\nals Einheit f\u00fchlen\u201c<\/h3>\n<p>[\/vc_column_text][vc_empty_space height=&#8220;30px&#8220;][vc_column_text]<strong>Wir sch\u00e4tzen unsere GEIST-Werte sehr hoch ein.<\/strong><br \/>\nSie sorgen daf\u00fcr, dass wir f\u00fcreinander da sind und uns gegenseitig unterst\u00fctzen. Bei Contrast wird den Mitarbeitenden zugeh\u00f6rt, und wir haben gro\u00dfen Einfluss darauf, wie die Kultur, Arbeitsabl\u00e4ufe usw. aufgebaut sind und funktionieren.<\/p>\n<p>Von Seiten der F\u00fchrung wird gro\u00dfes Vertrauen gezeigt, dass jede*r etwas beizutragen hat. Auf jede Stimme \u2013 ob gro\u00df oder klein \u2013 wird geh\u00f6rt und sie wird ber\u00fccksichtigt. Das tr\u00e4gt ma\u00dfgeblich dazu bei, dass man sich als ein gemeinsames Unternehmen f\u00fchlt.<\/p>\n<p>Wir sind gut darin, die \u201eInseln\u201c der anderen zu besuchen \u2013 also zu schauen, wie die Situation aus der Perspektive unserer Kolleg*innen aussieht. Dadurch gewinnen wir ein besseres Verst\u00e4ndnis daf\u00fcr, was n\u00f6tig ist, um eine Aufgabe bestm\u00f6glich zu l\u00f6sen.<\/p>\n<p>Wir geben unser Bestes, damit alles gut zusammenpasst. Wir haben gelernt, wie wichtig es ist, Dinge aus einer anderen Perspektive zu betrachten, um das gro\u00dfe Ganze besser zu verstehen \u2013 und auch, aus welchem Pers\u00f6nlichkeitsprofil heraus jede*r von uns handelt.<\/p>\n<p><strong>S\u00f8ren<\/strong><\/p>\n<p>Export Director[\/vc_column_text]<div class=\"ult-spacer spacer-69ea3bb3da259\" data-id=\"69ea3bb3da259\" data-height=\"0\" data-height-mobile=\"30\" data-height-tab=\"0\" data-height-tab-portrait=\"30\" data-height-mobile-landscape=\"30\" style=\"clear:both;display:block;\"><\/div>[\/vc_column_inner][vc_column_inner width=&#8220;1\/2&#8243; offset=&#8220;vc_col-lg-4 vc_col-md-4 vc_col-xs-12&#8243;][vc_single_image image=&#8220;5904&#8243; img_size=&#8220;full&#8220;][vc_empty_space height=&#8220;60px&#8220;][vc_column_text el_class=&#8220;custom-h3&#8243;]<\/p>\n<h3>\u201eWir von Contrast helfen einander\u201c<\/h3>\n<p>[\/vc_column_text][vc_empty_space height=&#8220;30px&#8220;][vc_column_text]Bei Contrast erleben wir t\u00e4glich, wie unsere GEIST-Werte in allen Ecken des Unternehmens lebendig sind.<br \/>\nWir haben gro\u00dfes Vertrauen zueinander, begegnen Herausforderungen mit Offenheit und Neugier und unterst\u00fctzen uns gegenseitig, um gemeinsam erfolgreich zu sein.<\/p>\n<p>GEIST tr\u00e4gt zu einer positiven Atmosph\u00e4re im B\u00fcro bei, sodass man jeden Tag mit einem L\u00e4cheln zur Arbeit kommt.<br \/>\nEs herrscht gro\u00dfes Vertrauen in die Mitarbeitenden, und wir haben erheblichen Einfluss darauf, wie unser Arbeitstag gestaltet wird \u2013 ebenso wie auf die Entwicklung einer bestm\u00f6glichen Unternehmenskultur.<\/p>\n<p>F\u00fcr uns sind der Dialog und die Neugier entscheidend \u2013 sowohl im Austausch mit Kolleg*innen als auch mit unseren Lieferanten und Partnern.<br \/>\nWir legen gro\u00dfen Wert auf Offenheit und Zusammenarbeit, um gemeinsam starke Ergebnisse zu erzielen.<\/p>\n<p><strong>Tanja<\/strong><\/p>\n<p>ESG Responsible[\/vc_column_text]<div class=\"ult-spacer spacer-69ea3bb3da26a\" data-id=\"69ea3bb3da26a\" data-height=\"0\" data-height-mobile=\"30\" data-height-tab=\"0\" data-height-tab-portrait=\"30\" data-height-mobile-landscape=\"30\" style=\"clear:both;display:block;\"><\/div>[\/vc_column_inner][vc_column_inner offset=&#8220;vc_col-lg-4 vc_col-md-4 vc_col-xs-12&#8243;][vc_single_image image=&#8220;3914&#8243; img_size=&#8220;full&#8220;][vc_empty_space height=&#8220;60px&#8220;][vc_column_text el_class=&#8220;custom-h3&#8243;]<\/p>\n<h3>\u201eHerausforderungen l\u00f6sen wir gemeinsam\u201c<\/h3>\n<p>[\/vc_column_text][vc_empty_space height=&#8220;30px&#8220;][vc_column_text]\u201eUnsere Abteilungen arbeiten eng zusammen. Wir alle verfolgen eine l\u00f6sungsorientierte Herangehensweise an die Arbeit und Herausforderung und sind uns dabei bewusst, dass wir voneinander abh\u00e4ngig sind. Wir l\u00f6sen Herausforderungen gemeinsam und sind in der Gruppe stark \u2013 aber auch der Spa\u00df darf bei der Arbeit nicht zu kurz kommen. Au\u00dferdem pflegen wir die guten und langj\u00e4hrigen Beziehungen mit allen unseren Zusammenarbeitspartnern, darunter Kunden und Lieferanten. Wir m\u00f6chten, dass alle unsere Partner Erfolg haben. Unseren Kollegen und Zusammenarbeitspartnern gegen\u00fcber sind wir aufgeschlossen, damit wir ein gemeinsames Verst\u00e4ndnis entwickeln k\u00f6nnen, das unsere Zusammenarbeit und unsere Ergebnisse st\u00e4rkt.\u201c<\/p>\n<p><strong>Heidi Allaart<\/strong><br \/>\nKey Account Coordinator[\/vc_column_text][\/vc_column_inner][\/vc_row_inner]<div class=\"ult-spacer spacer-69ea3bb3da27b\" data-id=\"69ea3bb3da27b\" data-height=\"90\" data-height-mobile=\"60\" data-height-tab=\"90\" data-height-tab-portrait=\"60\" data-height-mobile-landscape=\"60\" style=\"clear:both;display:block;\"><\/div>[\/vc_column][\/vc_row][vc_row full_width=&#8220;stretch_row_content_no_spaces&#8220; el_class=&#8220;tree&#8220; css=&#8220;.vc_custom_1645449475925{background-image: url(https:\/\/contrast.dk\/wp-content\/uploads\/2021\/12\/header-tree-dark-green.svg?id=3123) !important;}&#8220;][vc_column]<div class=\"ult-spacer spacer-69ea3bb3da28a\" data-id=\"69ea3bb3da28a\" data-height=\"130\" data-height-mobile=\"60\" data-height-tab=\"130\" data-height-tab-portrait=\"60\" data-height-mobile-landscape=\"60\" style=\"clear:both;display:block;\"><\/div>[vc_row_inner][vc_column_inner offset=&#8220;vc_col-lg-2 vc_col-md-3 vc_col-xs-12&#8243;]<div class=\"ult-spacer spacer-69ea3bb3da299\" data-id=\"69ea3bb3da299\" data-height=\"0\" data-height-mobile=\"250\" data-height-tab=\"0\" data-height-tab-portrait=\"250\" data-height-mobile-landscape=\"250\" style=\"clear:both;display:block;\"><\/div>[\/vc_column_inner][vc_column_inner width=&#8220;2\/3&#8243; offset=&#8220;vc_col-lg-10 vc_col-md-8 vc_hidden-sm vc_col-xs-12 vc_hidden-xs&#8220;][vc_empty_space height=&#8220;60px&#8220;][vc_column_text el_class=&#8220;text-tree&#8220;]<\/p>\n<h3><span style=\"color: #00983a;\">Let&#8217;s win together<\/span><\/h3>\n<p>[\/vc_column_text][\/vc_column_inner][\/vc_row_inner]<div class=\"ult-spacer spacer-69ea3bb3da2a8\" data-id=\"69ea3bb3da2a8\" data-height=\"130\" data-height-mobile=\"60\" data-height-tab=\"130\" data-height-tab-portrait=\"60\" data-height-mobile-landscape=\"60\" style=\"clear:both;display:block;\"><\/div>[\/vc_column][\/vc_row]<\/p>\n<\/section>","protected":false},"excerpt":{"rendered":"<p>M\u00f6chten Sie gemeinsam mit uns erfolgreich sein?<\/p>\n<p>Wir suchen fortlaufend nach engagierten Mitarbeitern, die davon \u00fcberzeugt sind,<br \/>\neinen Beitrag zu unseren f\u00fcnf Kernwerten und unseren gemeinsamen Zielen leisten zu k\u00f6nnen<\/p>\n","protected":false},"author":1,"featured_media":5129,"parent":0,"menu_order":19,"comment_status":"closed","ping_status":"closed","template":"","meta":{"footnotes":""},"categories":[],"acf":[],"yoast_head":"<!-- This site is optimized with the Yoast SEO plugin v20.10 - https:\/\/yoast.com\/wordpress\/plugins\/seo\/ -->\n<title>Jobs und Karriere &middot; Contrast Company A\/S<\/title>\n<meta name=\"robots\" content=\"index, follow, max-snippet:-1, max-image-preview:large, max-video-preview:-1\" \/>\n<link rel=\"canonical\" href=\"https:\/\/contrast.dk\/de\/jobs-und-karriere\/\" \/>\n<meta property=\"og:locale\" content=\"de_DE\" \/>\n<meta property=\"og:type\" content=\"article\" \/>\n<meta property=\"og:title\" content=\"Jobs und Karriere &middot; Contrast Company A\/S\" \/>\n<meta property=\"og:description\" content=\"M\u00f6chten Sie gemeinsam mit uns erfolgreich sein?  Wir suchen fortlaufend nach engagierten Mitarbeitern, die davon \u00fcberzeugt sind, einen Beitrag zu unseren f\u00fcnf Kernwerten und unseren gemeinsamen Zielen leisten zu k\u00f6nnen\" \/>\n<meta property=\"og:url\" content=\"https:\/\/contrast.dk\/de\/jobs-und-karriere\/\" \/>\n<meta property=\"og:site_name\" content=\"Contrast Company A\/S\" \/>\n<meta property=\"article:modified_time\" content=\"2025-06-02T12:16:08+00:00\" \/>\n<meta property=\"og:image\" content=\"https:\/\/contrast.dk\/wp-content\/uploads\/2022\/06\/mode-showroom-kingshill-7-rotated3.jpg\" \/>\n\t<meta property=\"og:image:width\" content=\"1641\" \/>\n\t<meta property=\"og:image:height\" content=\"1093\" \/>\n\t<meta property=\"og:image:type\" content=\"image\/jpeg\" \/>\n<meta name=\"twitter:card\" content=\"summary_large_image\" \/>\n<meta name=\"twitter:label1\" content=\"Gesch\u00e4tzte Lesezeit\" \/>\n\t<meta name=\"twitter:data1\" content=\"5\u00a0Minuten\" \/>\n<script type=\"application\/ld+json\" class=\"yoast-schema-graph\">{\"@context\":\"https:\/\/schema.org\",\"@graph\":[{\"@type\":\"WebPage\",\"@id\":\"https:\/\/contrast.dk\/de\/jobs-und-karriere\/\",\"url\":\"https:\/\/contrast.dk\/de\/jobs-und-karriere\/\",\"name\":\"Jobs und Karriere &middot; Contrast Company A\/S\",\"isPartOf\":{\"@id\":\"https:\/\/contrast.dk\/#website\"},\"datePublished\":\"2021-12-22T15:42:48+00:00\",\"dateModified\":\"2025-06-02T12:16:08+00:00\",\"breadcrumb\":{\"@id\":\"https:\/\/contrast.dk\/de\/jobs-und-karriere\/#breadcrumb\"},\"inLanguage\":\"de\",\"potentialAction\":[{\"@type\":\"ReadAction\",\"target\":[\"https:\/\/contrast.dk\/de\/jobs-und-karriere\/\"]}]},{\"@type\":\"BreadcrumbList\",\"@id\":\"https:\/\/contrast.dk\/de\/jobs-und-karriere\/#breadcrumb\",\"itemListElement\":[{\"@type\":\"ListItem\",\"position\":1,\"name\":\"Hjem\",\"item\":\"https:\/\/contrast.dk\/de\/\"},{\"@type\":\"ListItem\",\"position\":2,\"name\":\"Jobs und Karriere\"}]},{\"@type\":\"WebSite\",\"@id\":\"https:\/\/contrast.dk\/#website\",\"url\":\"https:\/\/contrast.dk\/\",\"name\":\"Contrast Company A\/S\",\"description\":\"Vi str\u00e6ber efter at v\u00e6re din foretrukne licenspartner\",\"publisher\":{\"@id\":\"https:\/\/contrast.dk\/#organization\"},\"potentialAction\":[{\"@type\":\"SearchAction\",\"target\":{\"@type\":\"EntryPoint\",\"urlTemplate\":\"https:\/\/contrast.dk\/?s={search_term_string}\"},\"query-input\":\"required name=search_term_string\"}],\"inLanguage\":\"de\"},{\"@type\":\"Organization\",\"@id\":\"https:\/\/contrast.dk\/#organization\",\"name\":\"Contrast Company A\/S\",\"url\":\"https:\/\/contrast.dk\/\",\"logo\":{\"@type\":\"ImageObject\",\"inLanguage\":\"de\",\"@id\":\"https:\/\/contrast.dk\/#\/schema\/logo\/image\/\",\"url\":\"https:\/\/contrast.dk\/wp-content\/uploads\/2021\/12\/contrast-logo-hvid-grn.svg\",\"contentUrl\":\"https:\/\/contrast.dk\/wp-content\/uploads\/2021\/12\/contrast-logo-hvid-grn.svg\",\"width\":275,\"height\":57,\"caption\":\"Contrast Company A\/S\"},\"image\":{\"@id\":\"https:\/\/contrast.dk\/#\/schema\/logo\/image\/\"}}]}<\/script>\n<!-- \/ Yoast SEO plugin. -->","yoast_head_json":{"title":"Jobs und Karriere &middot; Contrast Company A\/S","robots":{"index":"index","follow":"follow","max-snippet":"max-snippet:-1","max-image-preview":"max-image-preview:large","max-video-preview":"max-video-preview:-1"},"canonical":"https:\/\/contrast.dk\/de\/jobs-und-karriere\/","og_locale":"de_DE","og_type":"article","og_title":"Jobs und Karriere &middot; Contrast Company A\/S","og_description":"M\u00f6chten Sie gemeinsam mit uns erfolgreich sein?  Wir suchen fortlaufend nach engagierten Mitarbeitern, die davon \u00fcberzeugt sind, einen Beitrag zu unseren f\u00fcnf Kernwerten und unseren gemeinsamen Zielen leisten zu k\u00f6nnen","og_url":"https:\/\/contrast.dk\/de\/jobs-und-karriere\/","og_site_name":"Contrast Company A\/S","article_modified_time":"2025-06-02T12:16:08+00:00","og_image":[{"width":1641,"height":1093,"url":"https:\/\/contrast.dk\/wp-content\/uploads\/2022\/06\/mode-showroom-kingshill-7-rotated3.jpg","type":"image\/jpeg"}],"twitter_card":"summary_large_image","twitter_misc":{"Gesch\u00e4tzte Lesezeit":"5\u00a0Minuten"},"schema":{"@context":"https:\/\/schema.org","@graph":[{"@type":"WebPage","@id":"https:\/\/contrast.dk\/de\/jobs-und-karriere\/","url":"https:\/\/contrast.dk\/de\/jobs-und-karriere\/","name":"Jobs und Karriere &middot; Contrast Company A\/S","isPartOf":{"@id":"https:\/\/contrast.dk\/#website"},"datePublished":"2021-12-22T15:42:48+00:00","dateModified":"2025-06-02T12:16:08+00:00","breadcrumb":{"@id":"https:\/\/contrast.dk\/de\/jobs-und-karriere\/#breadcrumb"},"inLanguage":"de","potentialAction":[{"@type":"ReadAction","target":["https:\/\/contrast.dk\/de\/jobs-und-karriere\/"]}]},{"@type":"BreadcrumbList","@id":"https:\/\/contrast.dk\/de\/jobs-und-karriere\/#breadcrumb","itemListElement":[{"@type":"ListItem","position":1,"name":"Hjem","item":"https:\/\/contrast.dk\/de\/"},{"@type":"ListItem","position":2,"name":"Jobs und Karriere"}]},{"@type":"WebSite","@id":"https:\/\/contrast.dk\/#website","url":"https:\/\/contrast.dk\/","name":"Contrast Company A\/S","description":"Vi str\u00e6ber efter at v\u00e6re din foretrukne licenspartner","publisher":{"@id":"https:\/\/contrast.dk\/#organization"},"potentialAction":[{"@type":"SearchAction","target":{"@type":"EntryPoint","urlTemplate":"https:\/\/contrast.dk\/?s={search_term_string}"},"query-input":"required name=search_term_string"}],"inLanguage":"de"},{"@type":"Organization","@id":"https:\/\/contrast.dk\/#organization","name":"Contrast Company A\/S","url":"https:\/\/contrast.dk\/","logo":{"@type":"ImageObject","inLanguage":"de","@id":"https:\/\/contrast.dk\/#\/schema\/logo\/image\/","url":"https:\/\/contrast.dk\/wp-content\/uploads\/2021\/12\/contrast-logo-hvid-grn.svg","contentUrl":"https:\/\/contrast.dk\/wp-content\/uploads\/2021\/12\/contrast-logo-hvid-grn.svg","width":275,"height":57,"caption":"Contrast Company A\/S"},"image":{"@id":"https:\/\/contrast.dk\/#\/schema\/logo\/image\/"}}]}},"_links":{"self":[{"href":"https:\/\/contrast.dk\/de\/wp-json\/wp\/v2\/pages\/5580"}],"collection":[{"href":"https:\/\/contrast.dk\/de\/wp-json\/wp\/v2\/pages"}],"about":[{"href":"https:\/\/contrast.dk\/de\/wp-json\/wp\/v2\/types\/page"}],"author":[{"embeddable":true,"href":"https:\/\/contrast.dk\/de\/wp-json\/wp\/v2\/users\/1"}],"replies":[{"embeddable":true,"href":"https:\/\/contrast.dk\/de\/wp-json\/wp\/v2\/comments?post=5580"}],"version-history":[{"count":7,"href":"https:\/\/contrast.dk\/de\/wp-json\/wp\/v2\/pages\/5580\/revisions"}],"predecessor-version":[{"id":5966,"href":"https:\/\/contrast.dk\/de\/wp-json\/wp\/v2\/pages\/5580\/revisions\/5966"}],"wp:featuredmedia":[{"embeddable":true,"href":"https:\/\/contrast.dk\/de\/wp-json\/wp\/v2\/media\/5129"}],"wp:attachment":[{"href":"https:\/\/contrast.dk\/de\/wp-json\/wp\/v2\/media?parent=5580"}],"wp:term":[{"taxonomy":"category","embeddable":true,"href":"https:\/\/contrast.dk\/de\/wp-json\/wp\/v2\/categories?post=5580"}],"curies":[{"name":"wp","href":"https:\/\/api.w.org\/{rel}","templated":true}]}}