{"id":5544,"date":"2021-12-22T15:57:23","date_gmt":"2021-12-22T14:57:23","guid":{"rendered":"https:\/\/contrast.dk\/lizenzen\/"},"modified":"2022-09-08T16:10:54","modified_gmt":"2022-09-08T14:10:54","slug":"lizenzen","status":"publish","type":"page","link":"https:\/\/contrast.dk\/de\/lizenzen\/","title":{"rendered":"Lizenzen"},"content":{"rendered":"<section class=\"wpb-content-wrapper\"><p>[vc_row full_width=&#8220;stretch_row&#8220;][vc_column width=&#8220;1\/12&#8243;][\/vc_column][vc_column width=&#8220;5\/6&#8243;]<div class=\"ult-spacer spacer-69ea37ed33775\" data-id=\"69ea37ed33775\" data-height=\"90\" data-height-mobile=\"60\" data-height-tab=\"90\" data-height-tab-portrait=\"60\" data-height-mobile-landscape=\"60\" style=\"clear:both;display:block;\"><\/div>[vc_column_text el_class=&#8220;custom&#8220;]<\/p>\n<h2 style=\"text-align: center;\">WIR ENTWICKELN QUALIT\u00c4TSTEXTILIEN F\u00dcR DIE RENOMMIERSTEN MARKEN DER WELT<\/h2>\n<p>[\/vc_column_text][vc_empty_space height=&#8220;30px&#8220;][vc_separator color=&#8220;custom&#8220; border_width=&#8220;8&#8243; el_width=&#8220;20&#8243; accent_color=&#8220;#016220&#8243;]<div class=\"ult-spacer spacer-69ea37ed337a1\" data-id=\"69ea37ed337a1\" data-height=\"60\" data-height-mobile=\"30\" data-height-tab=\"60\" data-height-tab-portrait=\"60\" data-height-mobile-landscape=\"30\" style=\"clear:both;display:block;\"><\/div>[vc_column_text]<\/p>\n<h4 style=\"text-align: center;\">IHR BEVORZUGTER LIZENZPARTNER<\/h4>\n<p style=\"text-align: center;\">Die Lizenzproduktion ist ein wichtiger Teil unseres Gesch\u00e4fts, da wir wissen, dass sie auch einen wichtigen Teil des Gesch\u00e4fts unserer Kunden ausmacht. Seit 1996 produziert die Contrast Company f\u00fcr einige der st\u00e4rksten Lizenzmarken der Welt. Daher haben wir stets eine erstklassige Auswahl von Marken in Kombination mit einigen der gr\u00f6\u00dften Kinder- und Erwachsenenmarken der Welt im Angebot.<\/p>\n<p style=\"text-align: center;\">Unsere Lizenzen decken folgende Kategorien ab::<\/p>\n<p style=\"text-align: center;\"><strong>Cartoon \u2022 Gaming \u2022 Music \u2022 Movies<\/strong><\/p>\n<p>[\/vc_column_text]<div class=\"ult-spacer spacer-69ea37ed337b9\" data-id=\"69ea37ed337b9\" data-height=\"90\" data-height-mobile=\"60\" data-height-tab=\"90\" data-height-tab-portrait=\"60\" data-height-mobile-landscape=\"60\" style=\"clear:both;display:block;\"><\/div>[\/vc_column][vc_column width=&#8220;1\/12&#8243;][\/vc_column][\/vc_row][vc_row full_width=&#8220;stretch_row&#8220; css=&#8220;.vc_custom_1646134257216{background-color: #575756 !important;}&#8220; el_class=&#8220;white&#8220;][vc_column][vc_empty_space height=&#8220;60px&#8220;][vc_column_text]<\/p>\n<h4 style=\"text-align: center;\">WIR PRODUZIEREN F\u00dcR FOLGENDE SEGMENTE:<\/h4>\n<p>[\/vc_column_text][vc_empty_space height=&#8220;30px&#8220;][vc_raw_html el_class=&#8220;custom-cta&#8220;]JTNDY2VudGVyJTNFJTNDYSUyMGNsYXNzJTNEJTIyc21vb3RoLXNjcm9sbCUyMiUyMGhyZWYlM0QlMjIlMjNiYWJ5cyUyMiUzRUJhYnlzJTNDJTJGYSUzRSUyMCVFMiU4MCVBMiUyMCUzQ2ElMjBjbGFzcyUzRCUyMnNtb290aC1zY3JvbGwlMjIlMjBocmVmJTNEJTIyJTIza2luZGVyJTIyJTNFS2luZGVyJTNDJTJGYSUzRSUyMCVFMiU4MCVBMiUyMCUzQ2ElMjBjbGFzcyUzRCUyMnNtb290aC1zY3JvbGwlMjIlMjBocmVmJTNEJTIyJTIzdHdlZW5zJTIyJTNFVHdlZW5zJTNDJTJGYSUzRSUyMCVFMiU4MCVBMiUyMCUzQ2ElMjBjbGFzcyUzRCUyMnNtb290aC1zY3JvbGwlMjIlMjAlMjBocmVmJTNEJTIyJTIzZXJ3YWNoc2VuZSUyMiUzRUVyd2FjaHNlbmUlM0MlMkZhJTNFJTBBJTBB[\/vc_raw_html][vc_empty_space height=&#8220;60px&#8220;][\/vc_column][\/vc_row][vc_row full_width=&#8220;stretch_row&#8220; el_id=&#8220;babys&#8220;][vc_column]<div class=\"ult-spacer spacer-69ea37ed337cd\" data-id=\"69ea37ed337cd\" data-height=\"90\" data-height-mobile=\"30\" data-height-tab=\"90\" data-height-tab-portrait=\"60\" data-height-mobile-landscape=\"30\" style=\"clear:both;display:block;\"><\/div>[vc_row_inner][vc_column_inner][vc_column_text]<\/p>\n<h3 style=\"text-align: center;\">BABYS<\/h3>\n<p>[\/vc_column_text][vc_empty_space height=&#8220;15px&#8220;][vc_separator color=&#8220;custom&#8220; border_width=&#8220;8&#8243; el_width=&#8220;20&#8243; accent_color=&#8220;#575756&#8243;][vc_empty_space height=&#8220;30px&#8220;][vc_media_grid element_width=&#8220;3&#8243; gap=&#8220;30&#8243; item=&#8220;1774&#8243; grid_id=&#8220;vc_gid:1662646245864-4e68ecaa-42a3-7&#8243; include=&#8220;4061,4079,4040,4048,4053,4098,4060,4073,4052,4063,4077,4049,4058,4036,4047,4037,4090,4091,4340,4341,4062,4102,4342&#8243; el_class=&#8220;custom-grid&#8220;][\/vc_column_inner][\/vc_row_inner][\/vc_column][\/vc_row][vc_row full_width=&#8220;stretch_row_content_no_spaces&#8220;][vc_column]<div class=\"ult-spacer spacer-69ea37ed337e0\" data-id=\"69ea37ed337e0\" data-height=\"90\" data-height-mobile=\"30\" data-height-tab=\"90\" data-height-tab-portrait=\"60\" data-height-mobile-landscape=\"30\" style=\"clear:both;display:block;\"><\/div>[vc_separator color=&#8220;custom&#8220; border_width=&#8220;2&#8243; accent_color=&#8220;#575756&#8243;]<div class=\"ult-spacer spacer-69ea37ed337fe\" data-id=\"69ea37ed337fe\" data-height=\"90\" data-height-mobile=\"30\" data-height-tab=\"90\" data-height-tab-portrait=\"60\" data-height-mobile-landscape=\"30\" style=\"clear:both;display:block;\"><\/div>[\/vc_column][\/vc_row][vc_row full_width=&#8220;stretch_row&#8220; el_id=&#8220;kinder&#8220;][vc_column][vc_column_text]<\/p>\n<h3 style=\"text-align: center;\">KINDER<\/h3>\n<p>[\/vc_column_text][vc_empty_space height=&#8220;15px&#8220;][vc_separator color=&#8220;custom&#8220; border_width=&#8220;8&#8243; el_width=&#8220;20&#8243; accent_color=&#8220;#575756&#8243;][vc_empty_space height=&#8220;30px&#8220;][vc_media_grid element_width=&#8220;3&#8243; gap=&#8220;30&#8243; item=&#8220;1774&#8243; grid_id=&#8220;vc_gid:1662646245870-76fa2857-b0ef-7&#8243; include=&#8220;4103,4060,4041,4101,4079,4061,4085,4064,4081,4040,4076,4075,4087,4088,4071,4089,4098,4092,4073,4082,4050,4100,4053,4042,4070,4093,4340,4341,4062,4102&#8243; el_class=&#8220;custom-grid&#8220;][\/vc_column][\/vc_row][vc_row full_width=&#8220;stretch_row_content_no_spaces&#8220;][vc_column]<div class=\"ult-spacer spacer-69ea37ed33812\" data-id=\"69ea37ed33812\" data-height=\"90\" data-height-mobile=\"30\" data-height-tab=\"90\" data-height-tab-portrait=\"60\" data-height-mobile-landscape=\"30\" style=\"clear:both;display:block;\"><\/div>[vc_separator color=&#8220;custom&#8220; border_width=&#8220;2&#8243; accent_color=&#8220;#575756&#8243;]<div class=\"ult-spacer spacer-69ea37ed33826\" data-id=\"69ea37ed33826\" data-height=\"90\" data-height-mobile=\"30\" data-height-tab=\"90\" data-height-tab-portrait=\"60\" data-height-mobile-landscape=\"30\" style=\"clear:both;display:block;\"><\/div>[\/vc_column][\/vc_row][vc_row full_width=&#8220;stretch_row&#8220; el_id=&#8220;tweens&#8220;][vc_column][vc_column_text]<\/p>\n<h3 style=\"text-align: center;\">Tweens<\/h3>\n<p>[\/vc_column_text][vc_empty_space height=&#8220;15px&#8220;][vc_separator color=&#8220;custom&#8220; border_width=&#8220;8&#8243; el_width=&#8220;20&#8243; accent_color=&#8220;#575756&#8243;][vc_empty_space height=&#8220;30px&#8220;][vc_media_grid element_width=&#8220;3&#8243; gap=&#8220;30&#8243; item=&#8220;1774&#8243; grid_id=&#8220;vc_gid:1662646245877-c4436102-8301-6&#8243; include=&#8220;4061,4048,4059,4066,4072,4087,4098,4079,4099,4071,4046,4343,4081,4103,4092,4073,4094,4056,4344&#8243; el_class=&#8220;custom-grid&#8220;][\/vc_column][\/vc_row][vc_row full_width=&#8220;stretch_row_content_no_spaces&#8220;][vc_column]<div class=\"ult-spacer spacer-69ea37ed33839\" data-id=\"69ea37ed33839\" data-height=\"90\" data-height-mobile=\"30\" data-height-tab=\"90\" data-height-tab-portrait=\"60\" data-height-mobile-landscape=\"30\" style=\"clear:both;display:block;\"><\/div>[vc_separator color=&#8220;custom&#8220; border_width=&#8220;2&#8243; accent_color=&#8220;#575756&#8243;]<div class=\"ult-spacer spacer-69ea37ed33853\" data-id=\"69ea37ed33853\" data-height=\"90\" data-height-mobile=\"30\" data-height-tab=\"90\" data-height-tab-portrait=\"60\" data-height-mobile-landscape=\"30\" style=\"clear:both;display:block;\"><\/div>[\/vc_column][\/vc_row][vc_row full_width=&#8220;stretch_row&#8220; el_id=&#8220;erwachsene&#8220;][vc_column][vc_column_text]<\/p>\n<h3 style=\"text-align: center;\">ERWACHSENE<\/h3>\n<p>[\/vc_column_text][vc_empty_space height=&#8220;15px&#8220;][vc_separator color=&#8220;custom&#8220; border_width=&#8220;8&#8243; el_width=&#8220;20&#8243; accent_color=&#8220;#575756&#8243;][vc_empty_space height=&#8220;30px&#8220;][vc_media_grid element_width=&#8220;3&#8243; gap=&#8220;30&#8243; item=&#8220;1774&#8243; grid_id=&#8220;vc_gid:1662646245883-8062e1e0-e62d-9&#8243; include=&#8220;4061,4048,4059,4066,4038,4083,4087,4098,4080,4064,4085,4092,4073,4055,4057,4078,4067,4065,4074,4051,4103,4082,4050,4100,4081,4344,4097,4054,4096,4035,4095,4343,4102,4052,4342,4340,4341&#8243; el_class=&#8220;custom-grid&#8220;][\/vc_column][\/vc_row][vc_row el_class=&#8220;bokse-2-custom&#8220;][vc_column width=&#8220;1\/2&#8243; el_class=&#8220;specouter1&#8243; css=&#8220;.vc_custom_1657615831442{background-image: url(https:\/\/contrast.dk\/wp-content\/uploads\/2022\/03\/showroom-apparel-explorerofnorway-rotated.jpg?id=4171) !important;background-position: center !important;background-repeat: no-repeat !important;background-size: cover !important;}&#8220;][vc_row_inner][vc_column_inner el_class=&#8220;specinner1&#8243;][vc_column_text]<\/p>\n<h4 style=\"text-align: center;\">MARKEN<\/h4>\n<p style=\"text-align: center;\">Kingshill Polo Club, Explorer of Norway, Me and My Horse m.m.<\/p>\n<p>[\/vc_column_text][vc_empty_space height=&#8220;30px&#8220;][vc_btn title=&#8220;MEHR ERFAHREN&#8220; style=&#8220;outline-custom&#8220; outline_custom_color=&#8220;#ffffff&#8220; outline_custom_hover_background=&#8220;#ffffff&#8220; outline_custom_hover_text=&#8220;#000000&#8243; shape=&#8220;square&#8220; align=&#8220;center&#8220; link=&#8220;url:%2Fde%2Fmarken%2F|title:Marken&#8220;][\/vc_column_inner][\/vc_row_inner][\/vc_column][vc_column width=&#8220;1\/2&#8243; el_class=&#8220;specouter1&#8243; css=&#8220;.vc_custom_1657616024718{background-image: url(https:\/\/contrast.dk\/wp-content\/uploads\/2022\/03\/showroom-apparel-nonlicens-4-rotated.jpg?id=4143) !important;background-position: center !important;background-repeat: no-repeat !important;background-size: cover !important;}&#8220;][vc_row_inner][vc_column_inner el_class=&#8220;specinner1&#8243;][vc_column_text]<\/p>\n<h4 style=\"text-align: center;\">PRIVATE LABEL<\/h4>\n<p style=\"text-align: center;\">Kreatives und kompetentes Sparring und Entwicklung von Private Label-Produkten.<\/p>\n<p>[\/vc_column_text][vc_empty_space height=&#8220;30px&#8220;][vc_btn title=&#8220;MEHR ERFAHREN&#8220; style=&#8220;outline-custom&#8220; outline_custom_color=&#8220;#ffffff&#8220; outline_custom_hover_background=&#8220;#ffffff&#8220; outline_custom_hover_text=&#8220;#000000&#8243; shape=&#8220;square&#8220; align=&#8220;center&#8220; link=&#8220;url:%2Fde%2Fprivate-label%2F|title:Private%20Label&#8220;][\/vc_column_inner][\/vc_row_inner][\/vc_column][\/vc_row][vc_row height=&#8220;60px&#8220;][vc_column][vc_empty_space height=&#8220;60px&#8220;][\/vc_column][\/vc_row][vc_row full_width=&#8220;stretch_row&#8220; full_height=&#8220;yes&#8220; columns_placement=&#8220;stretch&#8220; css=&#8220;.vc_custom_1656921243181{background-image: url(https:\/\/contrast.dk\/wp-content\/uploads\/2022\/03\/showroom-apparel-home-frozen-rotated.jpg?id=4122) !important;background-position: center !important;background-repeat: no-repeat !important;background-size: cover !important;}&#8220;][vc_column]<div class=\"ult-spacer spacer-69ea37ed33865\" data-id=\"69ea37ed33865\" data-height=\"400\" data-height-mobile=\"300\" data-height-tab=\"400\" data-height-tab-portrait=\"400\" data-height-mobile-landscape=\"300\" style=\"clear:both;display:block;\"><\/div>[\/vc_column][\/vc_row][vc_row full_width=&#8220;stretch_row_content_no_spaces&#8220; css=&#8220;.vc_custom_1640193177868{background-image: url(https:\/\/contrast.dk\/wp-content\/uploads\/2021\/12\/header-tree-dark-green.svg?id=3123) !important;}&#8220; el_class=&#8220;tree&#8220;][vc_column]<div class=\"ult-spacer spacer-69ea37ed33876\" data-id=\"69ea37ed33876\" data-height=\"130\" data-height-mobile=\"60\" data-height-tab=\"130\" data-height-tab-portrait=\"60\" data-height-mobile-landscape=\"60\" style=\"clear:both;display:block;\"><\/div>[vc_row_inner][vc_column_inner width=&#8220;1\/3&#8243; offset=&#8220;vc_col-lg-2 vc_col-md-4 vc_col-xs-12&#8243;][\/vc_column_inner][vc_column_inner width=&#8220;2\/3&#8243; offset=&#8220;vc_col-lg-10 vc_col-md-8 vc_col-xs-12&#8243;][vc_empty_space height=&#8220;60px&#8220;][vc_column_text el_class=&#8220;text-tree&#8220;]<\/p>\n<h3><span style=\"color: #00983a;\">Let&#8217;s win together<\/span><\/h3>\n<p>[\/vc_column_text][\/vc_column_inner][\/vc_row_inner]<div class=\"ult-spacer spacer-69ea37ed33887\" data-id=\"69ea37ed33887\" data-height=\"90\" data-height-mobile=\"60\" data-height-tab=\"90\" data-height-tab-portrait=\"60\" data-height-mobile-landscape=\"60\" style=\"clear:both;display:block;\"><\/div>[\/vc_column][\/vc_row]<\/p>\n<\/section>","protected":false},"excerpt":{"rendered":"<p>&#8230; Disney, Marvel, Coca Cola, Harry Potter und viele weitere<\/p>\n","protected":false},"author":1,"featured_media":5032,"parent":0,"menu_order":4,"comment_status":"closed","ping_status":"closed","template":"","meta":{"footnotes":""},"categories":[],"acf":[],"yoast_head":"<!-- This site is optimized with the Yoast SEO plugin v20.10 - https:\/\/yoast.com\/wordpress\/plugins\/seo\/ -->\n<title>Lizenzen &middot; Contrast Company A\/S<\/title>\n<meta name=\"robots\" content=\"index, follow, max-snippet:-1, max-image-preview:large, max-video-preview:-1\" \/>\n<link rel=\"canonical\" href=\"https:\/\/contrast.dk\/de\/lizenzen\/\" \/>\n<meta property=\"og:locale\" content=\"de_DE\" \/>\n<meta property=\"og:type\" content=\"article\" \/>\n<meta property=\"og:title\" content=\"Lizenzen &middot; Contrast Company A\/S\" \/>\n<meta property=\"og:description\" content=\"... Disney, Marvel, Coca Cola, Harry Potter und viele weitere\" \/>\n<meta property=\"og:url\" content=\"https:\/\/contrast.dk\/de\/lizenzen\/\" \/>\n<meta property=\"og:site_name\" content=\"Contrast Company A\/S\" \/>\n<meta property=\"article:modified_time\" content=\"2022-09-08T14:10:54+00:00\" \/>\n<meta property=\"og:image\" content=\"https:\/\/contrast.dk\/wp-content\/uploads\/2022\/03\/avengers-rotated.jpg\" \/>\n\t<meta property=\"og:image:width\" content=\"2000\" \/>\n\t<meta property=\"og:image:height\" content=\"1334\" \/>\n\t<meta property=\"og:image:type\" content=\"image\/jpeg\" \/>\n<meta name=\"twitter:card\" content=\"summary_large_image\" \/>\n<meta name=\"twitter:label1\" content=\"Gesch\u00e4tzte Lesezeit\" \/>\n\t<meta name=\"twitter:data1\" content=\"2\u00a0Minuten\" \/>\n<script type=\"application\/ld+json\" class=\"yoast-schema-graph\">{\"@context\":\"https:\/\/schema.org\",\"@graph\":[{\"@type\":\"WebPage\",\"@id\":\"https:\/\/contrast.dk\/de\/lizenzen\/\",\"url\":\"https:\/\/contrast.dk\/de\/lizenzen\/\",\"name\":\"Lizenzen &middot; Contrast Company A\/S\",\"isPartOf\":{\"@id\":\"https:\/\/contrast.dk\/#website\"},\"datePublished\":\"2021-12-22T14:57:23+00:00\",\"dateModified\":\"2022-09-08T14:10:54+00:00\",\"breadcrumb\":{\"@id\":\"https:\/\/contrast.dk\/de\/lizenzen\/#breadcrumb\"},\"inLanguage\":\"de\",\"potentialAction\":[{\"@type\":\"ReadAction\",\"target\":[\"https:\/\/contrast.dk\/de\/lizenzen\/\"]}]},{\"@type\":\"BreadcrumbList\",\"@id\":\"https:\/\/contrast.dk\/de\/lizenzen\/#breadcrumb\",\"itemListElement\":[{\"@type\":\"ListItem\",\"position\":1,\"name\":\"Hjem\",\"item\":\"https:\/\/contrast.dk\/de\/\"},{\"@type\":\"ListItem\",\"position\":2,\"name\":\"Lizenzen\"}]},{\"@type\":\"WebSite\",\"@id\":\"https:\/\/contrast.dk\/#website\",\"url\":\"https:\/\/contrast.dk\/\",\"name\":\"Contrast Company A\/S\",\"description\":\"Vi str\u00e6ber efter at v\u00e6re din foretrukne licenspartner\",\"publisher\":{\"@id\":\"https:\/\/contrast.dk\/#organization\"},\"potentialAction\":[{\"@type\":\"SearchAction\",\"target\":{\"@type\":\"EntryPoint\",\"urlTemplate\":\"https:\/\/contrast.dk\/?s={search_term_string}\"},\"query-input\":\"required name=search_term_string\"}],\"inLanguage\":\"de\"},{\"@type\":\"Organization\",\"@id\":\"https:\/\/contrast.dk\/#organization\",\"name\":\"Contrast Company A\/S\",\"url\":\"https:\/\/contrast.dk\/\",\"logo\":{\"@type\":\"ImageObject\",\"inLanguage\":\"de\",\"@id\":\"https:\/\/contrast.dk\/#\/schema\/logo\/image\/\",\"url\":\"https:\/\/contrast.dk\/wp-content\/uploads\/2021\/12\/contrast-logo-hvid-grn.svg\",\"contentUrl\":\"https:\/\/contrast.dk\/wp-content\/uploads\/2021\/12\/contrast-logo-hvid-grn.svg\",\"width\":275,\"height\":57,\"caption\":\"Contrast Company A\/S\"},\"image\":{\"@id\":\"https:\/\/contrast.dk\/#\/schema\/logo\/image\/\"}}]}<\/script>\n<!-- \/ Yoast SEO plugin. -->","yoast_head_json":{"title":"Lizenzen &middot; Contrast Company A\/S","robots":{"index":"index","follow":"follow","max-snippet":"max-snippet:-1","max-image-preview":"max-image-preview:large","max-video-preview":"max-video-preview:-1"},"canonical":"https:\/\/contrast.dk\/de\/lizenzen\/","og_locale":"de_DE","og_type":"article","og_title":"Lizenzen &middot; Contrast Company A\/S","og_description":"... Disney, Marvel, Coca Cola, Harry Potter und viele weitere","og_url":"https:\/\/contrast.dk\/de\/lizenzen\/","og_site_name":"Contrast Company A\/S","article_modified_time":"2022-09-08T14:10:54+00:00","og_image":[{"width":2000,"height":1334,"url":"https:\/\/contrast.dk\/wp-content\/uploads\/2022\/03\/avengers-rotated.jpg","type":"image\/jpeg"}],"twitter_card":"summary_large_image","twitter_misc":{"Gesch\u00e4tzte Lesezeit":"2\u00a0Minuten"},"schema":{"@context":"https:\/\/schema.org","@graph":[{"@type":"WebPage","@id":"https:\/\/contrast.dk\/de\/lizenzen\/","url":"https:\/\/contrast.dk\/de\/lizenzen\/","name":"Lizenzen &middot; Contrast Company A\/S","isPartOf":{"@id":"https:\/\/contrast.dk\/#website"},"datePublished":"2021-12-22T14:57:23+00:00","dateModified":"2022-09-08T14:10:54+00:00","breadcrumb":{"@id":"https:\/\/contrast.dk\/de\/lizenzen\/#breadcrumb"},"inLanguage":"de","potentialAction":[{"@type":"ReadAction","target":["https:\/\/contrast.dk\/de\/lizenzen\/"]}]},{"@type":"BreadcrumbList","@id":"https:\/\/contrast.dk\/de\/lizenzen\/#breadcrumb","itemListElement":[{"@type":"ListItem","position":1,"name":"Hjem","item":"https:\/\/contrast.dk\/de\/"},{"@type":"ListItem","position":2,"name":"Lizenzen"}]},{"@type":"WebSite","@id":"https:\/\/contrast.dk\/#website","url":"https:\/\/contrast.dk\/","name":"Contrast Company A\/S","description":"Vi str\u00e6ber efter at v\u00e6re din foretrukne licenspartner","publisher":{"@id":"https:\/\/contrast.dk\/#organization"},"potentialAction":[{"@type":"SearchAction","target":{"@type":"EntryPoint","urlTemplate":"https:\/\/contrast.dk\/?s={search_term_string}"},"query-input":"required name=search_term_string"}],"inLanguage":"de"},{"@type":"Organization","@id":"https:\/\/contrast.dk\/#organization","name":"Contrast Company A\/S","url":"https:\/\/contrast.dk\/","logo":{"@type":"ImageObject","inLanguage":"de","@id":"https:\/\/contrast.dk\/#\/schema\/logo\/image\/","url":"https:\/\/contrast.dk\/wp-content\/uploads\/2021\/12\/contrast-logo-hvid-grn.svg","contentUrl":"https:\/\/contrast.dk\/wp-content\/uploads\/2021\/12\/contrast-logo-hvid-grn.svg","width":275,"height":57,"caption":"Contrast Company A\/S"},"image":{"@id":"https:\/\/contrast.dk\/#\/schema\/logo\/image\/"}}]}},"_links":{"self":[{"href":"https:\/\/contrast.dk\/de\/wp-json\/wp\/v2\/pages\/5544"}],"collection":[{"href":"https:\/\/contrast.dk\/de\/wp-json\/wp\/v2\/pages"}],"about":[{"href":"https:\/\/contrast.dk\/de\/wp-json\/wp\/v2\/types\/page"}],"author":[{"embeddable":true,"href":"https:\/\/contrast.dk\/de\/wp-json\/wp\/v2\/users\/1"}],"replies":[{"embeddable":true,"href":"https:\/\/contrast.dk\/de\/wp-json\/wp\/v2\/comments?post=5544"}],"version-history":[{"count":3,"href":"https:\/\/contrast.dk\/de\/wp-json\/wp\/v2\/pages\/5544\/revisions"}],"predecessor-version":[{"id":5715,"href":"https:\/\/contrast.dk\/de\/wp-json\/wp\/v2\/pages\/5544\/revisions\/5715"}],"wp:featuredmedia":[{"embeddable":true,"href":"https:\/\/contrast.dk\/de\/wp-json\/wp\/v2\/media\/5032"}],"wp:attachment":[{"href":"https:\/\/contrast.dk\/de\/wp-json\/wp\/v2\/media?parent=5544"}],"wp:term":[{"taxonomy":"category","embeddable":true,"href":"https:\/\/contrast.dk\/de\/wp-json\/wp\/v2\/categories?post=5544"}],"curies":[{"name":"wp","href":"https:\/\/api.w.org\/{rel}","templated":true}]}}