{"id":5460,"date":"2021-12-22T15:57:22","date_gmt":"2021-12-22T14:57:22","guid":{"rendered":"https:\/\/contrast.dk\/was-wir-tun\/"},"modified":"2022-09-08T16:14:59","modified_gmt":"2022-09-08T14:14:59","slug":"was-wir-tun","status":"publish","type":"page","link":"https:\/\/contrast.dk\/de\/was-wir-tun\/","title":{"rendered":"Was wir tun"},"content":{"rendered":"<section class=\"wpb-content-wrapper\"><p>[vc_row full_width=&#8220;stretch_row_content_no_spaces&#8220;][vc_column width=&#8220;1\/3&#8243;]<div class=\"ult-new-ib ult-ib-effect-style2  ult-ib-resp ult-ib2-min-height \" data-min-width=\"768\" data-max-width=\"900\" style=\"background:#000000; opacity:0; \" data-opacity=\"0.5\" data-hover-opacity=\"0.5\"  data-min-height=\"300\" ><img decoding=\"async\" class=\"ult-new-ib-img\" style=\"opacity:0.5;\" alt=\"null\" src=\"https:\/\/contrast.dk\/wp-content\/uploads\/2022\/03\/showroom-apparel-minniemouse-2-1-rotated.jpg\"  data-min-height=\"300\"   \/><div id=\"interactive-banner-wrap-7986\" class=\"ult-new-ib-desc\" style=\"\"><h3 class=\"ult-new-ib-title ult-responsive\"  data-ultimate-target='#interactive-banner-wrap-7986 .ult-new-ib-title'  data-responsive-json-new='{\"font-size\":\"desktop:26px;tablet:26px;tablet_portrait:22px;mobile_landscape:26px;mobile:22px;\",\"line-height\":\"\"}'  style=\"font-weight:normal;color:#ffffff;\"><\/h3><\/div><\/div>[\/vc_column][vc_column width=&#8220;1\/3&#8243;]<div class=\"ult-new-ib ult-ib-effect-style2  ult-ib-resp ult-ib2-min-height \" data-min-width=\"768\" data-max-width=\"900\" style=\"background:#000000; opacity:0; \" data-opacity=\"1\" data-hover-opacity=\"1\"  data-min-height=\"300\" ><img decoding=\"async\" class=\"ult-new-ib-img\" style=\"opacity:1;\" alt=\"null\" src=\"https:\/\/contrast.dk\/wp-content\/uploads\/2022\/03\/showroom-apparel-explorerofnorway-rotated.jpg\"  data-min-height=\"300\"   \/><div id=\"interactive-banner-wrap-4600\" class=\"ult-new-ib-desc\" style=\"\"><h3 class=\"ult-new-ib-title ult-responsive\"  data-ultimate-target='#interactive-banner-wrap-4600 .ult-new-ib-title'  data-responsive-json-new='{\"font-size\":\"desktop:26px;tablet:26px;tablet_portrait:22px;mobile_landscape:26px;mobile:22px;\",\"line-height\":\"\"}'  style=\"font-weight:normal;color:#ffffff;\"><\/h3><\/div><\/div>[\/vc_column][vc_column width=&#8220;1\/3&#8243;]<div class=\"ult-new-ib ult-ib-effect-style2  ult-ib-resp ult-ib2-min-height \" data-min-width=\"768\" data-max-width=\"900\" style=\"background:#000000; opacity:0; \" data-opacity=\"0.5\" data-hover-opacity=\"0.5\"  data-min-height=\"300\" ><img decoding=\"async\" class=\"ult-new-ib-img\" style=\"opacity:0.5;\" alt=\"null\" src=\"https:\/\/contrast.dk\/wp-content\/uploads\/2022\/03\/showroom-apparel-home-frozen-1-rotated.jpg\"  data-min-height=\"300\"   \/><div id=\"interactive-banner-wrap-8721\" class=\"ult-new-ib-desc\" style=\"\"><h3 class=\"ult-new-ib-title ult-responsive\"  data-ultimate-target='#interactive-banner-wrap-8721 .ult-new-ib-title'  data-responsive-json-new='{\"font-size\":\"desktop:26px;tablet:26px;tablet_portrait:22px;mobile_landscape:26px;mobile:22px;\",\"line-height\":\"\"}'  style=\"font-weight:normal;color:#ffffff;\"><\/h3><\/div><\/div>[\/vc_column][\/vc_row][vc_row full_width=&#8220;stretch_row_content_no_spaces&#8220;][vc_column width=&#8220;1\/3&#8243;]<div class=\"ult-new-ib ult-ib-effect-style2  ult-ib-resp ult-ib2-min-height \" data-min-width=\"768\" data-max-width=\"900\" style=\"background:#000000; opacity:0; \" data-opacity=\"1\" data-hover-opacity=\"1\"  data-min-height=\"300\" ><img decoding=\"async\" class=\"ult-new-ib-img\" style=\"opacity:1;\" alt=\"null\" src=\"https:\/\/contrast.dk\/wp-content\/uploads\/2022\/03\/showroom-apparel-home-spiderman-2-rotated.jpg\"  data-min-height=\"300\"   \/><div id=\"interactive-banner-wrap-8176\" class=\"ult-new-ib-desc\" style=\"\"><h3 class=\"ult-new-ib-title ult-responsive\"  data-ultimate-target='#interactive-banner-wrap-8176 .ult-new-ib-title'  data-responsive-json-new='{\"font-size\":\"desktop:26px;tablet:26px;tablet_portrait:22px;mobile_landscape:26px;mobile:22px;\",\"line-height\":\"\"}'  style=\"font-weight:normal;color:#ffffff;\"><\/h3><\/div><\/div>[\/vc_column][vc_column width=&#8220;1\/3&#8243;]<div class=\"ult-new-ib ult-ib-effect-style2  ult-ib-resp ult-ib2-min-height \" data-min-width=\"768\" data-max-width=\"900\" style=\"background:#000000; opacity:0; \" data-opacity=\"0.5\" data-hover-opacity=\"0.5\"  data-min-height=\"300\" ><img decoding=\"async\" class=\"ult-new-ib-img\" style=\"opacity:0.5;\" alt=\"null\" src=\"https:\/\/contrast.dk\/wp-content\/uploads\/2022\/03\/showroom-home-kurve-2-rotated.jpg\"  data-min-height=\"300\"   \/><div id=\"interactive-banner-wrap-1460\" class=\"ult-new-ib-desc\" style=\"\"><h3 class=\"ult-new-ib-title ult-responsive\"  data-ultimate-target='#interactive-banner-wrap-1460 .ult-new-ib-title'  data-responsive-json-new='{\"font-size\":\"desktop:26px;tablet:26px;tablet_portrait:22px;mobile_landscape:26px;mobile:22px;\",\"line-height\":\"\"}'  style=\"font-weight:normal;color:#ffffff;\"><\/h3><\/div><\/div>[\/vc_column][vc_column width=&#8220;1\/3&#8243;]<div class=\"ult-new-ib ult-ib-effect-style2  ult-ib-resp ult-ib2-min-height \" data-min-width=\"768\" data-max-width=\"900\" style=\"background:#000000; opacity:0; \" data-opacity=\"1\" data-hover-opacity=\"1\"  data-min-height=\"300\" ><img decoding=\"async\" class=\"ult-new-ib-img\" style=\"opacity:1;\" alt=\"null\" src=\"https:\/\/contrast.dk\/wp-content\/uploads\/2022\/03\/showroom-apparel-yale-rotated.jpg\"  data-min-height=\"300\"   \/><div id=\"interactive-banner-wrap-3538\" class=\"ult-new-ib-desc\" style=\"\"><h3 class=\"ult-new-ib-title ult-responsive\"  data-ultimate-target='#interactive-banner-wrap-3538 .ult-new-ib-title'  data-responsive-json-new='{\"font-size\":\"desktop:26px;tablet:26px;tablet_portrait:22px;mobile_landscape:26px;mobile:22px;\",\"line-height\":\"\"}'  style=\"font-weight:normal;color:#ffffff;\"><\/h3><\/div><\/div>[\/vc_column][\/vc_row][vc_row full_width=&#8220;stretch_row&#8220;][vc_column]<div class=\"ult-spacer spacer-69ea388510b06\" data-id=\"69ea388510b06\" data-height=\"120\" data-height-mobile=\"60\" data-height-tab=\"120\" data-height-tab-portrait=\"60\" data-height-mobile-landscape=\"60\" style=\"clear:both;display:block;\"><\/div>[vc_row_inner][vc_column_inner width=&#8220;1\/12&#8243;][\/vc_column_inner][vc_column_inner width=&#8220;5\/6&#8243;][vc_empty_space height=&#8220;30px&#8220;][vc_column_text]<\/p>\n<h1 style=\"text-align: center;\">WIR BIETEN ERSTKLASSIGE PRODUKTE<\/h1>\n<p>[\/vc_column_text][vc_empty_space height=&#8220;30px&#8220;][vc_separator color=&#8220;custom&#8220; border_width=&#8220;5&#8243; el_width=&#8220;20&#8243; accent_color=&#8220;#00983a&#8220;][vc_empty_space height=&#8220;30px&#8220;][vc_column_text]<\/p>\n<h4 style=\"text-align: center;\">DIE RICHTIGEN PRODUKTE, DIE DEM ZEITGEIST ENTSPRECHEN<\/h4>\n<p style=\"text-align: center;\">Unsere Produkte richten sich an Kinder und Erwachsene aller Altersklassen und unsere Kollektionen und Waren werden in enger Zusammenarbeit mit unseren Kunden entwickelt und hergestellt.<\/p>\n<p style=\"text-align: center;\">Tiefsch\u00fcrfende Branchenkenntnisse und -erfahrungen erm\u00f6glichen es uns, unseren Kunden starke Markteinblicke zu bieten, und unsere leidenschaftlichen Mitarbeiter sorgen daf\u00fcr, dass wir die richtigen Produkte liefern, die den aktuellen Trends und Neigungen entsprechen.<\/p>\n<p>&nbsp;<\/p>\n<h4 style=\"text-align: center;\">DER WERT EINER STARKEN MARKE IST NICHT ZU UNTERSCH\u00c4TZEN<\/h4>\n<p style=\"text-align: center;\">Wir produzieren ein breites Sortiment bestehend aus Marken, Lizenz- und Private Label-Produkten innerhalb folgender Kategorien: Kleidung, Schuhe, Accessoires und Taschen.<\/p>\n<p style=\"text-align: center;\">Seit 1996 produziert die Contrast Company f\u00fcr einige der st\u00e4rksten internationalen Marken. Wir sind stets bestrebt, eine hochwertige Mischung aus klassischen Marken und einigen der gr\u00f6\u00dften Marken unserer Zeit im Angebot zu haben.<\/p>\n<p>[\/vc_column_text][\/vc_column_inner][vc_column_inner width=&#8220;1\/12&#8243;][\/vc_column_inner][\/vc_row_inner]<div class=\"ult-spacer spacer-69ea388510b22\" data-id=\"69ea388510b22\" data-height=\"120\" data-height-mobile=\"60\" data-height-tab=\"120\" data-height-tab-portrait=\"60\" data-height-mobile-landscape=\"60\" style=\"clear:both;display:block;\"><\/div>[\/vc_column][\/vc_row][vc_row][vc_column width=&#8220;1\/3&#8243; el_class=&#8220;specouter1&#8243; css=&#8220;.vc_custom_1657615831442{background-image: url(https:\/\/contrast.dk\/wp-content\/uploads\/2022\/03\/showroom-apparel-explorerofnorway-rotated.jpg?id=4171) !important;background-position: center !important;background-repeat: no-repeat !important;background-size: cover !important;}&#8220;][vc_row_inner][vc_column_inner el_class=&#8220;specinner1&#8243;][vc_column_text]<\/p>\n<h4 style=\"text-align: center;\">MARKEN<\/h4>\n<p style=\"text-align: center;\">Kingshill Polo Club, Explorer of Norway, Me and My Horse m.m.<\/p>\n<p>[\/vc_column_text][vc_empty_space height=&#8220;30px&#8220;][vc_btn title=&#8220;MEHR ERFAHREN&#8220; style=&#8220;outline-custom&#8220; outline_custom_color=&#8220;#ffffff&#8220; outline_custom_hover_background=&#8220;#ffffff&#8220; outline_custom_hover_text=&#8220;#000000&#8243; shape=&#8220;square&#8220; align=&#8220;center&#8220; link=&#8220;url:%2Fde%2Fmarken%2F|title:Marken&#8220;][\/vc_column_inner][\/vc_row_inner][\/vc_column][vc_column width=&#8220;1\/3&#8243; el_class=&#8220;specouter1&#8243; css=&#8220;.vc_custom_1657616019330{background-image: url(https:\/\/contrast.dk\/wp-content\/uploads\/2022\/03\/avengers-rotated.jpg?id=4132) !important;background-position: center !important;background-repeat: no-repeat !important;background-size: cover !important;}&#8220;][vc_row_inner][vc_column_inner el_class=&#8220;specinner1&#8243;][vc_column_text]<\/p>\n<h4 style=\"text-align: center;\">LIZENZEN<\/h4>\n<p style=\"text-align: center;\">Disney, Marvel, Coca Cola, Paw Patrol, Harry Potter, Gurli Gris u.a.<\/p>\n<p>[\/vc_column_text][vc_empty_space height=&#8220;30px&#8220;][vc_btn title=&#8220;MEHR ERFAHREN&#8220; style=&#8220;outline-custom&#8220; outline_custom_color=&#8220;#ffffff&#8220; outline_custom_hover_background=&#8220;#ffffff&#8220; outline_custom_hover_text=&#8220;#000000&#8243; shape=&#8220;square&#8220; align=&#8220;center&#8220; link=&#8220;url:%2Fde%2Flizenzen%2F|title:Lizenzen&#8220;][\/vc_column_inner][\/vc_row_inner][\/vc_column][vc_column width=&#8220;1\/3&#8243; el_class=&#8220;specouter1&#8243; css=&#8220;.vc_custom_1657616024718{background-image: url(https:\/\/contrast.dk\/wp-content\/uploads\/2022\/03\/showroom-apparel-nonlicens-4-rotated.jpg?id=4143) !important;background-position: center !important;background-repeat: no-repeat !important;background-size: cover !important;}&#8220;][vc_row_inner][vc_column_inner el_class=&#8220;specinner1&#8243;][vc_column_text]<\/p>\n<h4 style=\"text-align: center;\">PRIVATE LABEL<\/h4>\n<p style=\"text-align: center;\">Kreatives und kompetentes Sparring und Entwicklung von Private Label-Produkten.<\/p>\n<p>[\/vc_column_text][vc_empty_space height=&#8220;30px&#8220;][vc_btn title=&#8220;MEHR ERFAHREN&#8220; style=&#8220;outline-custom&#8220; outline_custom_color=&#8220;#ffffff&#8220; outline_custom_hover_background=&#8220;#ffffff&#8220; outline_custom_hover_text=&#8220;#000000&#8243; shape=&#8220;square&#8220; align=&#8220;center&#8220; link=&#8220;url:%2Fde%2Fprivate-label%2F|title:Private%20Label&#8220;][\/vc_column_inner][\/vc_row_inner][\/vc_column][\/vc_row][vc_row full_width=&#8220;stretch_row&#8220; el_class=&#8220;products-box&#8220;][vc_column]<div class=\"ult-spacer spacer-69ea388510b36\" data-id=\"69ea388510b36\" data-height=\"90\" data-height-mobile=\"60\" data-height-tab=\"90\" data-height-tab-portrait=\"60\" data-height-mobile-landscape=\"60\" style=\"clear:both;display:block;\"><\/div>[\/vc_column][\/vc_row][vc_row full_width=&#8220;stretch_row&#8220; full_height=&#8220;yes&#8220; columns_placement=&#8220;stretch&#8220; css=&#8220;.vc_custom_1656920385219{background-image: url(https:\/\/contrast.dk\/wp-content\/uploads\/2022\/03\/grafik-3-rotated.jpg?id=4259) !important;background-position: center !important;background-repeat: no-repeat !important;background-size: cover !important;}&#8220;][vc_column]<div class=\"ult-spacer spacer-69ea388510b4c\" data-id=\"69ea388510b4c\" data-height=\"400\" data-height-mobile=\"300\" data-height-tab=\"400\" data-height-tab-portrait=\"400\" data-height-mobile-landscape=\"300\" style=\"clear:both;display:block;\"><\/div>[\/vc_column][\/vc_row][vc_row full_width=&#8220;stretch_row_content_no_spaces&#8220; css=&#8220;.vc_custom_1640193177868{background-image: url(https:\/\/contrast.dk\/wp-content\/uploads\/2021\/12\/header-tree-dark-green.svg?id=3123) !important;}&#8220; el_class=&#8220;tree&#8220;][vc_column]<div class=\"ult-spacer spacer-69ea388510b5c\" data-id=\"69ea388510b5c\" data-height=\"130\" data-height-mobile=\"60\" data-height-tab=\"130\" data-height-tab-portrait=\"60\" data-height-mobile-landscape=\"60\" style=\"clear:both;display:block;\"><\/div>[vc_row_inner][vc_column_inner width=&#8220;1\/3&#8243; offset=&#8220;vc_col-lg-2 vc_col-md-4 vc_col-xs-12&#8243;][\/vc_column_inner][vc_column_inner width=&#8220;2\/3&#8243; offset=&#8220;vc_col-lg-10 vc_col-md-8 vc_col-xs-12&#8243;][vc_empty_space height=&#8220;60px&#8220;][vc_column_text el_class=&#8220;text-tree&#8220;]<\/p>\n<h3><span style=\"color: #00983a;\">Let&#8217;s win together<\/span><\/h3>\n<p>[\/vc_column_text][\/vc_column_inner][\/vc_row_inner]<div class=\"ult-spacer spacer-69ea388510b6b\" data-id=\"69ea388510b6b\" data-height=\"90\" data-height-mobile=\"60\" data-height-tab=\"90\" data-height-tab-portrait=\"60\" data-height-mobile-landscape=\"60\" style=\"clear:both;display:block;\"><\/div>[\/vc_column][\/vc_row]<\/p>\n<\/section>","protected":false},"excerpt":{"rendered":"<p>WIR ERSCHAFFEN, ENTWICKELN UND HANDELN MIT MARKEN; LIZENZ-UND PRIVATE LABEL-PRODUKTEN<\/p>\n<p>&#8230; in enger Zusammenarbeit mit unseren Kunden<\/p>\n","protected":false},"author":1,"featured_media":5101,"parent":0,"menu_order":1,"comment_status":"closed","ping_status":"closed","template":"","meta":{"footnotes":""},"categories":[],"acf":[],"yoast_head":"<!-- This site is optimized with the Yoast SEO plugin v20.10 - https:\/\/yoast.com\/wordpress\/plugins\/seo\/ -->\n<title>Was wir tun &middot; Contrast Company A\/S<\/title>\n<meta name=\"robots\" content=\"index, follow, max-snippet:-1, max-image-preview:large, max-video-preview:-1\" \/>\n<link rel=\"canonical\" href=\"https:\/\/contrast.dk\/de\/was-wir-tun\/\" \/>\n<meta property=\"og:locale\" content=\"de_DE\" \/>\n<meta property=\"og:type\" content=\"article\" \/>\n<meta property=\"og:title\" content=\"Was wir tun &middot; Contrast Company A\/S\" \/>\n<meta property=\"og:description\" content=\"WIR ERSCHAFFEN, ENTWICKELN UND HANDELN MIT MARKEN; LIZENZ-UND PRIVATE LABEL-PRODUKTEN  ... in enger Zusammenarbeit mit unseren Kunden\" \/>\n<meta property=\"og:url\" content=\"https:\/\/contrast.dk\/de\/was-wir-tun\/\" \/>\n<meta property=\"og:site_name\" content=\"Contrast Company A\/S\" \/>\n<meta property=\"article:modified_time\" content=\"2022-09-08T14:14:59+00:00\" \/>\n<meta property=\"og:image\" content=\"https:\/\/contrast.dk\/wp-content\/uploads\/2022\/03\/showroom-apparel-juniorleague-2-rotated.jpg\" \/>\n\t<meta property=\"og:image:width\" content=\"2000\" \/>\n\t<meta property=\"og:image:height\" content=\"1333\" \/>\n\t<meta property=\"og:image:type\" content=\"image\/jpeg\" \/>\n<meta name=\"twitter:card\" content=\"summary_large_image\" \/>\n<meta name=\"twitter:label1\" content=\"Gesch\u00e4tzte Lesezeit\" \/>\n\t<meta name=\"twitter:data1\" content=\"2\u00a0Minuten\" \/>\n<script type=\"application\/ld+json\" class=\"yoast-schema-graph\">{\"@context\":\"https:\/\/schema.org\",\"@graph\":[{\"@type\":\"WebPage\",\"@id\":\"https:\/\/contrast.dk\/de\/was-wir-tun\/\",\"url\":\"https:\/\/contrast.dk\/de\/was-wir-tun\/\",\"name\":\"Was wir tun &middot; Contrast Company A\/S\",\"isPartOf\":{\"@id\":\"https:\/\/contrast.dk\/#website\"},\"datePublished\":\"2021-12-22T14:57:22+00:00\",\"dateModified\":\"2022-09-08T14:14:59+00:00\",\"breadcrumb\":{\"@id\":\"https:\/\/contrast.dk\/de\/was-wir-tun\/#breadcrumb\"},\"inLanguage\":\"de\",\"potentialAction\":[{\"@type\":\"ReadAction\",\"target\":[\"https:\/\/contrast.dk\/de\/was-wir-tun\/\"]}]},{\"@type\":\"BreadcrumbList\",\"@id\":\"https:\/\/contrast.dk\/de\/was-wir-tun\/#breadcrumb\",\"itemListElement\":[{\"@type\":\"ListItem\",\"position\":1,\"name\":\"Hjem\",\"item\":\"https:\/\/contrast.dk\/de\/\"},{\"@type\":\"ListItem\",\"position\":2,\"name\":\"Was wir tun\"}]},{\"@type\":\"WebSite\",\"@id\":\"https:\/\/contrast.dk\/#website\",\"url\":\"https:\/\/contrast.dk\/\",\"name\":\"Contrast Company A\/S\",\"description\":\"Vi str\u00e6ber efter at v\u00e6re din foretrukne licenspartner\",\"publisher\":{\"@id\":\"https:\/\/contrast.dk\/#organization\"},\"potentialAction\":[{\"@type\":\"SearchAction\",\"target\":{\"@type\":\"EntryPoint\",\"urlTemplate\":\"https:\/\/contrast.dk\/?s={search_term_string}\"},\"query-input\":\"required name=search_term_string\"}],\"inLanguage\":\"de\"},{\"@type\":\"Organization\",\"@id\":\"https:\/\/contrast.dk\/#organization\",\"name\":\"Contrast Company A\/S\",\"url\":\"https:\/\/contrast.dk\/\",\"logo\":{\"@type\":\"ImageObject\",\"inLanguage\":\"de\",\"@id\":\"https:\/\/contrast.dk\/#\/schema\/logo\/image\/\",\"url\":\"https:\/\/contrast.dk\/wp-content\/uploads\/2021\/12\/contrast-logo-hvid-grn.svg\",\"contentUrl\":\"https:\/\/contrast.dk\/wp-content\/uploads\/2021\/12\/contrast-logo-hvid-grn.svg\",\"width\":275,\"height\":57,\"caption\":\"Contrast Company A\/S\"},\"image\":{\"@id\":\"https:\/\/contrast.dk\/#\/schema\/logo\/image\/\"}}]}<\/script>\n<!-- \/ Yoast SEO plugin. -->","yoast_head_json":{"title":"Was wir tun &middot; Contrast Company A\/S","robots":{"index":"index","follow":"follow","max-snippet":"max-snippet:-1","max-image-preview":"max-image-preview:large","max-video-preview":"max-video-preview:-1"},"canonical":"https:\/\/contrast.dk\/de\/was-wir-tun\/","og_locale":"de_DE","og_type":"article","og_title":"Was wir tun &middot; Contrast Company A\/S","og_description":"WIR ERSCHAFFEN, ENTWICKELN UND HANDELN MIT MARKEN; LIZENZ-UND PRIVATE LABEL-PRODUKTEN  ... in enger Zusammenarbeit mit unseren Kunden","og_url":"https:\/\/contrast.dk\/de\/was-wir-tun\/","og_site_name":"Contrast Company A\/S","article_modified_time":"2022-09-08T14:14:59+00:00","og_image":[{"width":2000,"height":1333,"url":"https:\/\/contrast.dk\/wp-content\/uploads\/2022\/03\/showroom-apparel-juniorleague-2-rotated.jpg","type":"image\/jpeg"}],"twitter_card":"summary_large_image","twitter_misc":{"Gesch\u00e4tzte Lesezeit":"2\u00a0Minuten"},"schema":{"@context":"https:\/\/schema.org","@graph":[{"@type":"WebPage","@id":"https:\/\/contrast.dk\/de\/was-wir-tun\/","url":"https:\/\/contrast.dk\/de\/was-wir-tun\/","name":"Was wir tun &middot; Contrast Company A\/S","isPartOf":{"@id":"https:\/\/contrast.dk\/#website"},"datePublished":"2021-12-22T14:57:22+00:00","dateModified":"2022-09-08T14:14:59+00:00","breadcrumb":{"@id":"https:\/\/contrast.dk\/de\/was-wir-tun\/#breadcrumb"},"inLanguage":"de","potentialAction":[{"@type":"ReadAction","target":["https:\/\/contrast.dk\/de\/was-wir-tun\/"]}]},{"@type":"BreadcrumbList","@id":"https:\/\/contrast.dk\/de\/was-wir-tun\/#breadcrumb","itemListElement":[{"@type":"ListItem","position":1,"name":"Hjem","item":"https:\/\/contrast.dk\/de\/"},{"@type":"ListItem","position":2,"name":"Was wir tun"}]},{"@type":"WebSite","@id":"https:\/\/contrast.dk\/#website","url":"https:\/\/contrast.dk\/","name":"Contrast Company A\/S","description":"Vi str\u00e6ber efter at v\u00e6re din foretrukne licenspartner","publisher":{"@id":"https:\/\/contrast.dk\/#organization"},"potentialAction":[{"@type":"SearchAction","target":{"@type":"EntryPoint","urlTemplate":"https:\/\/contrast.dk\/?s={search_term_string}"},"query-input":"required name=search_term_string"}],"inLanguage":"de"},{"@type":"Organization","@id":"https:\/\/contrast.dk\/#organization","name":"Contrast Company A\/S","url":"https:\/\/contrast.dk\/","logo":{"@type":"ImageObject","inLanguage":"de","@id":"https:\/\/contrast.dk\/#\/schema\/logo\/image\/","url":"https:\/\/contrast.dk\/wp-content\/uploads\/2021\/12\/contrast-logo-hvid-grn.svg","contentUrl":"https:\/\/contrast.dk\/wp-content\/uploads\/2021\/12\/contrast-logo-hvid-grn.svg","width":275,"height":57,"caption":"Contrast Company A\/S"},"image":{"@id":"https:\/\/contrast.dk\/#\/schema\/logo\/image\/"}}]}},"_links":{"self":[{"href":"https:\/\/contrast.dk\/de\/wp-json\/wp\/v2\/pages\/5460"}],"collection":[{"href":"https:\/\/contrast.dk\/de\/wp-json\/wp\/v2\/pages"}],"about":[{"href":"https:\/\/contrast.dk\/de\/wp-json\/wp\/v2\/types\/page"}],"author":[{"embeddable":true,"href":"https:\/\/contrast.dk\/de\/wp-json\/wp\/v2\/users\/1"}],"replies":[{"embeddable":true,"href":"https:\/\/contrast.dk\/de\/wp-json\/wp\/v2\/comments?post=5460"}],"version-history":[{"count":2,"href":"https:\/\/contrast.dk\/de\/wp-json\/wp\/v2\/pages\/5460\/revisions"}],"predecessor-version":[{"id":5716,"href":"https:\/\/contrast.dk\/de\/wp-json\/wp\/v2\/pages\/5460\/revisions\/5716"}],"wp:featuredmedia":[{"embeddable":true,"href":"https:\/\/contrast.dk\/de\/wp-json\/wp\/v2\/media\/5101"}],"wp:attachment":[{"href":"https:\/\/contrast.dk\/de\/wp-json\/wp\/v2\/media?parent=5460"}],"wp:term":[{"taxonomy":"category","embeddable":true,"href":"https:\/\/contrast.dk\/de\/wp-json\/wp\/v2\/categories?post=5460"}],"curies":[{"name":"wp","href":"https:\/\/api.w.org\/{rel}","templated":true}]}}