{"id":5445,"date":"2021-12-22T15:57:23","date_gmt":"2021-12-22T14:57:23","guid":{"rendered":"https:\/\/contrast.dk\/private-label\/"},"modified":"2022-09-08T16:21:22","modified_gmt":"2022-09-08T14:21:22","slug":"private-label","status":"publish","type":"page","link":"https:\/\/contrast.dk\/de\/private-label\/","title":{"rendered":"Private Label"},"content":{"rendered":"<section class=\"wpb-content-wrapper\"><p>[vc_row full_width=&#8220;stretch_row&#8220;][vc_column width=&#8220;1\/12&#8243;][\/vc_column][vc_column width=&#8220;5\/6&#8243;]<div class=\"ult-spacer spacer-69ea4bb2cebbe\" data-id=\"69ea4bb2cebbe\" data-height=\"90\" data-height-mobile=\"60\" data-height-tab=\"90\" data-height-tab-portrait=\"60\" data-height-mobile-landscape=\"60\" style=\"clear:both;display:block;\"><\/div>[vc_column_text el_class=&#8220;custom&#8220;]<\/p>\n<h2 style=\"text-align: center;\">PRIVATE LABEL<\/h2>\n<p>[\/vc_column_text][vc_empty_space height=&#8220;30px&#8220;][vc_separator color=&#8220;custom&#8220; border_width=&#8220;8&#8243; el_width=&#8220;20&#8243; accent_color=&#8220;#016220&#8243;]<div class=\"ult-spacer spacer-69ea4bb2cebea\" data-id=\"69ea4bb2cebea\" data-height=\"60\" data-height-mobile=\"30\" data-height-tab=\"60\" data-height-tab-portrait=\"60\" data-height-mobile-landscape=\"30\" style=\"clear:both;display:block;\"><\/div>[vc_column_text]<\/p>\n<h4 style=\"text-align: center;\">SOLLEN WIR AUCH IHRE WAREN ENTWICKELN?<\/h4>\n<p style=\"text-align: center;\">In enger Zusammenarbeit mit unseren Kunden entwickeln wir einzigartige Private Label-Produkte und -konzepte innerhalb aller unserer Artikelkategorien. Wir inspirieren unsere Kunden mit Themenpl\u00e4nen und bieten Vorschl\u00e4ge zu Neuheiten, Volumenwaren, Basic Styles und Konzepten im Bereich unserer Produktkategorien<\/p>\n<p style=\"text-align: center;\">Mit unserem Private Label-Angebot erhalten Sie vollst\u00e4ndig individuelle Produkte, die zu 100 % auf Ihre Bed\u00fcrfnisse zugeschnitten sind. Sie haben die M\u00f6glichkeit, sich von der Masse abzuheben \u2013 mit Waren, die nur Sie anbieten, und mit Verpackungen und Produktaufdrucken, die speziell f\u00fcr Sie entwickelt wurden.<\/p>\n<p style=\"text-align: center;\">Wir helfen in allen Bereichen \u2013 von der Auswahl der Qualit\u00e4t, dem Design der Artikel, der Konstruktion, der Produktion, der Zertifizierung und der Konzeptentwicklung bis hin zur Lieferung. F\u00fcr uns ist es ein entscheidender Faktor, dass Sie mit Ihren Artikeln Erfolg haben, und stehen Ihnen daher in dem Umfang zur Verf\u00fcgung, den Sie sich w\u00fcnschen.<\/p>\n<p style=\"text-align: center;\">M\u00f6chten Sie gern mehr dar\u00fcber erfahren, wie wir Ihnen bei der Entwicklung eines Privat Label behilflich sein k\u00f6nnen? Melden Sie sich gern jederzeit bei uns.<\/p>\n<p>&nbsp;<\/p>\n<h4 style=\"text-align: center;\">Unser Angebot:<\/h4>\n<p style=\"text-align: center;\"><strong>100 % Sonderfertigung \u2022 Einzigartige Produkte \u2022 Gem\u00e4\u00df Ihren Bed\u00fcrfnissen entwickelt \u2022 Sparring und<br \/>\nKonzeptentwicklung \u2022 Eigene Verpackung und Produktkennzeichnung<\/strong><\/p>\n<p>[\/vc_column_text]<div class=\"ult-spacer spacer-69ea4bb2cec01\" data-id=\"69ea4bb2cec01\" data-height=\"90\" data-height-mobile=\"60\" data-height-tab=\"90\" data-height-tab-portrait=\"60\" data-height-mobile-landscape=\"60\" style=\"clear:both;display:block;\"><\/div>[\/vc_column][vc_column width=&#8220;1\/12&#8243;][\/vc_column][\/vc_row][vc_row full_width=&#8220;stretch_row&#8220; css=&#8220;.vc_custom_1646049306584{background-color: #575756 !important;}&#8220; el_class=&#8220;white&#8220;][vc_column][vc_empty_space height=&#8220;60px&#8220;][vc_column_text]<\/p>\n<h4 style=\"text-align: center;\">Unsere Kategorien<\/h4>\n<p>[\/vc_column_text][vc_empty_space height=&#8220;30px&#8220;][vc_raw_html el_class=&#8220;custom-cta&#8220;]JTNDY2VudGVyJTNFQWNjZXNzb2lyZXMlMjBmJUMzJUJDciUyMGRlbiUyMFdpbnRlciUyMCVFMiU4MCVBMiUyMFRhc2NoZW4lMjAlRTIlODAlQTIlMjBTY2h1aGUlMjAlRTIlODAlQTIlMjBDcmF6eSUyMENocmlzdG1hcyUzQyUyRmNlbnRlciUzRSUwQQ==[\/vc_raw_html][vc_empty_space height=&#8220;60px&#8220;][\/vc_column][\/vc_row][vc_row full_width=&#8220;stretch_row_content_no_spaces&#8220;][vc_column][vc_media_grid element_width=&#8220;3&#8243; gap=&#8220;0&#8243; grid_id=&#8220;vc_gid:1662646870023-473c958e-1eb0-2&#8243; include=&#8220;4151,4157,4141,4143,4142,4168,4145,4146,4167,4147,4144,4166&#8243;][\/vc_column][\/vc_row][vc_row full_width=&#8220;stretch_row&#8220; height=&#8220;60px&#8220;][vc_column]<div class=\"ult-spacer spacer-69ea4bb2cec14\" data-id=\"69ea4bb2cec14\" data-height=\"90\" data-height-mobile=\"60\" data-height-tab=\"90\" data-height-tab-portrait=\"60\" data-height-mobile-landscape=\"60\" style=\"clear:both;display:block;\"><\/div>[\/vc_column][\/vc_row][vc_row el_class=&#8220;bokse-2-custom&#8220;][vc_column width=&#8220;1\/2&#8243; el_class=&#8220;specouter1&#8243; css=&#8220;.vc_custom_1657615831442{background-image: url(https:\/\/contrast.dk\/wp-content\/uploads\/2022\/03\/showroom-apparel-explorerofnorway-rotated.jpg?id=4171) !important;background-position: center !important;background-repeat: no-repeat !important;background-size: cover !important;}&#8220;][vc_row_inner][vc_column_inner el_class=&#8220;specinner1&#8243;][vc_column_text]<\/p>\n<h4 style=\"text-align: center;\">MARKEN<\/h4>\n<p style=\"text-align: center;\">Kingshill Polo Club, Explorer of Norway, Me and My Horse m.m.<\/p>\n<p>[\/vc_column_text][vc_empty_space height=&#8220;30px&#8220;][vc_btn title=&#8220;MEHR ERFAHREN&#8220; style=&#8220;outline-custom&#8220; outline_custom_color=&#8220;#ffffff&#8220; outline_custom_hover_background=&#8220;#ffffff&#8220; outline_custom_hover_text=&#8220;#000000&#8243; shape=&#8220;square&#8220; align=&#8220;center&#8220; link=&#8220;url:%2Fde%2Fmarken%2F|title:Marken&#8220;][\/vc_column_inner][\/vc_row_inner][\/vc_column][vc_column width=&#8220;1\/2&#8243; el_class=&#8220;specouter1&#8243; css=&#8220;.vc_custom_1657616019330{background-image: url(https:\/\/contrast.dk\/wp-content\/uploads\/2022\/03\/avengers-rotated.jpg?id=4132) !important;background-position: center !important;background-repeat: no-repeat !important;background-size: cover !important;}&#8220;][vc_row_inner][vc_column_inner el_class=&#8220;specinner1&#8243;][vc_column_text]<\/p>\n<h4 style=\"text-align: center;\">LIZENZEN<\/h4>\n<p style=\"text-align: center;\">Disney, Marvel, Coca Cola, Paw Patrol, Harry Potter, Gurli Gris u. a.<\/p>\n<p>[\/vc_column_text][vc_empty_space height=&#8220;30px&#8220;][vc_btn title=&#8220;MEHR ERFAHREN&#8220; style=&#8220;outline-custom&#8220; outline_custom_color=&#8220;#ffffff&#8220; outline_custom_hover_background=&#8220;#ffffff&#8220; outline_custom_hover_text=&#8220;#000000&#8243; shape=&#8220;square&#8220; align=&#8220;center&#8220; link=&#8220;url:%2Fde%2Flizenzen%2F|title:Lizenzen&#8220;][\/vc_column_inner][\/vc_row_inner][\/vc_column][\/vc_row][vc_row full_width=&#8220;stretch_row&#8220; height=&#8220;60px&#8220;][vc_column]<div class=\"ult-spacer spacer-69ea4bb2cec24\" data-id=\"69ea4bb2cec24\" data-height=\"90\" data-height-mobile=\"60\" data-height-tab=\"90\" data-height-tab-portrait=\"60\" data-height-mobile-landscape=\"60\" style=\"clear:both;display:block;\"><\/div>[\/vc_column][\/vc_row][vc_row full_width=&#8220;stretch_row&#8220; css=&#8220;.vc_custom_1656921547918{background-image: url(https:\/\/contrast.dk\/wp-content\/uploads\/2022\/03\/showroom-apparel-nonlicens-9-rotated.jpg?id=4148) !important;background-position: center !important;background-repeat: no-repeat !important;background-size: cover !important;}&#8220;][vc_column]<div class=\"ult-spacer spacer-69ea4bb2cec38\" data-id=\"69ea4bb2cec38\" data-height=\"400\" data-height-mobile=\"300\" data-height-tab=\"400\" data-height-tab-portrait=\"400\" data-height-mobile-landscape=\"300\" style=\"clear:both;display:block;\"><\/div>[\/vc_column][\/vc_row][vc_row full_width=&#8220;stretch_row_content_no_spaces&#8220; css=&#8220;.vc_custom_1640193177868{background-image: url(https:\/\/contrast.dk\/wp-content\/uploads\/2021\/12\/header-tree-dark-green.svg?id=3123) !important;}&#8220; el_class=&#8220;tree&#8220;][vc_column]<div class=\"ult-spacer spacer-69ea4bb2cec47\" data-id=\"69ea4bb2cec47\" data-height=\"130\" data-height-mobile=\"60\" data-height-tab=\"130\" data-height-tab-portrait=\"60\" data-height-mobile-landscape=\"60\" style=\"clear:both;display:block;\"><\/div>[vc_row_inner][vc_column_inner width=&#8220;1\/3&#8243; offset=&#8220;vc_col-lg-2 vc_col-md-4 vc_col-xs-12&#8243;][\/vc_column_inner][vc_column_inner width=&#8220;2\/3&#8243; offset=&#8220;vc_col-lg-10 vc_col-md-8 vc_col-xs-12&#8243;][vc_empty_space height=&#8220;60px&#8220;][vc_column_text el_class=&#8220;text-tree&#8220;]<\/p>\n<h3><span style=\"color: #00983a;\">Let&#8217;s win together<\/span><\/h3>\n<p>[\/vc_column_text][\/vc_column_inner][\/vc_row_inner]<div class=\"ult-spacer spacer-69ea4bb2cec56\" data-id=\"69ea4bb2cec56\" data-height=\"90\" data-height-mobile=\"60\" data-height-tab=\"90\" data-height-tab-portrait=\"60\" data-height-mobile-landscape=\"60\" style=\"clear:both;display:block;\"><\/div>[\/vc_column][\/vc_row]<\/p>\n<\/section>","protected":false},"excerpt":{"rendered":"<p>&#8230; F\u00dcR EINZIGARTIGE PRODUKTE<\/p>\n","protected":false},"author":1,"featured_media":5035,"parent":0,"menu_order":5,"comment_status":"closed","ping_status":"closed","template":"","meta":{"footnotes":""},"categories":[],"acf":[],"yoast_head":"<!-- This site is optimized with the Yoast SEO plugin v20.10 - https:\/\/yoast.com\/wordpress\/plugins\/seo\/ -->\n<title>Private Label &middot; Contrast Company A\/S<\/title>\n<meta name=\"robots\" content=\"index, follow, max-snippet:-1, max-image-preview:large, max-video-preview:-1\" \/>\n<link rel=\"canonical\" href=\"https:\/\/contrast.dk\/de\/private-label\/\" \/>\n<meta property=\"og:locale\" content=\"de_DE\" \/>\n<meta property=\"og:type\" content=\"article\" \/>\n<meta property=\"og:title\" content=\"Private Label &middot; Contrast Company A\/S\" \/>\n<meta property=\"og:description\" content=\"... F\u00dcR EINZIGARTIGE PRODUKTE\" \/>\n<meta property=\"og:url\" content=\"https:\/\/contrast.dk\/de\/private-label\/\" \/>\n<meta property=\"og:site_name\" content=\"Contrast Company A\/S\" \/>\n<meta property=\"article:modified_time\" content=\"2022-09-08T14:21:22+00:00\" \/>\n<meta property=\"og:image\" content=\"https:\/\/contrast.dk\/wp-content\/uploads\/2022\/03\/showroom-apparel-nonlicens-4-rotated.jpg\" \/>\n\t<meta property=\"og:image:width\" content=\"2000\" \/>\n\t<meta property=\"og:image:height\" content=\"1334\" \/>\n\t<meta property=\"og:image:type\" content=\"image\/jpeg\" \/>\n<meta name=\"twitter:card\" content=\"summary_large_image\" \/>\n<meta name=\"twitter:label1\" content=\"Gesch\u00e4tzte Lesezeit\" \/>\n\t<meta name=\"twitter:data1\" content=\"2\u00a0Minuten\" \/>\n<script type=\"application\/ld+json\" class=\"yoast-schema-graph\">{\"@context\":\"https:\/\/schema.org\",\"@graph\":[{\"@type\":\"WebPage\",\"@id\":\"https:\/\/contrast.dk\/de\/private-label\/\",\"url\":\"https:\/\/contrast.dk\/de\/private-label\/\",\"name\":\"Private Label &middot; Contrast Company A\/S\",\"isPartOf\":{\"@id\":\"https:\/\/contrast.dk\/#website\"},\"datePublished\":\"2021-12-22T14:57:23+00:00\",\"dateModified\":\"2022-09-08T14:21:22+00:00\",\"breadcrumb\":{\"@id\":\"https:\/\/contrast.dk\/de\/private-label\/#breadcrumb\"},\"inLanguage\":\"de\",\"potentialAction\":[{\"@type\":\"ReadAction\",\"target\":[\"https:\/\/contrast.dk\/de\/private-label\/\"]}]},{\"@type\":\"BreadcrumbList\",\"@id\":\"https:\/\/contrast.dk\/de\/private-label\/#breadcrumb\",\"itemListElement\":[{\"@type\":\"ListItem\",\"position\":1,\"name\":\"Hjem\",\"item\":\"https:\/\/contrast.dk\/de\/\"},{\"@type\":\"ListItem\",\"position\":2,\"name\":\"Private Label\"}]},{\"@type\":\"WebSite\",\"@id\":\"https:\/\/contrast.dk\/#website\",\"url\":\"https:\/\/contrast.dk\/\",\"name\":\"Contrast Company A\/S\",\"description\":\"Vi str\u00e6ber efter at v\u00e6re din foretrukne licenspartner\",\"publisher\":{\"@id\":\"https:\/\/contrast.dk\/#organization\"},\"potentialAction\":[{\"@type\":\"SearchAction\",\"target\":{\"@type\":\"EntryPoint\",\"urlTemplate\":\"https:\/\/contrast.dk\/?s={search_term_string}\"},\"query-input\":\"required name=search_term_string\"}],\"inLanguage\":\"de\"},{\"@type\":\"Organization\",\"@id\":\"https:\/\/contrast.dk\/#organization\",\"name\":\"Contrast Company A\/S\",\"url\":\"https:\/\/contrast.dk\/\",\"logo\":{\"@type\":\"ImageObject\",\"inLanguage\":\"de\",\"@id\":\"https:\/\/contrast.dk\/#\/schema\/logo\/image\/\",\"url\":\"https:\/\/contrast.dk\/wp-content\/uploads\/2021\/12\/contrast-logo-hvid-grn.svg\",\"contentUrl\":\"https:\/\/contrast.dk\/wp-content\/uploads\/2021\/12\/contrast-logo-hvid-grn.svg\",\"width\":275,\"height\":57,\"caption\":\"Contrast Company A\/S\"},\"image\":{\"@id\":\"https:\/\/contrast.dk\/#\/schema\/logo\/image\/\"}}]}<\/script>\n<!-- \/ Yoast SEO plugin. -->","yoast_head_json":{"title":"Private Label &middot; Contrast Company A\/S","robots":{"index":"index","follow":"follow","max-snippet":"max-snippet:-1","max-image-preview":"max-image-preview:large","max-video-preview":"max-video-preview:-1"},"canonical":"https:\/\/contrast.dk\/de\/private-label\/","og_locale":"de_DE","og_type":"article","og_title":"Private Label &middot; Contrast Company A\/S","og_description":"... F\u00dcR EINZIGARTIGE PRODUKTE","og_url":"https:\/\/contrast.dk\/de\/private-label\/","og_site_name":"Contrast Company A\/S","article_modified_time":"2022-09-08T14:21:22+00:00","og_image":[{"width":2000,"height":1334,"url":"https:\/\/contrast.dk\/wp-content\/uploads\/2022\/03\/showroom-apparel-nonlicens-4-rotated.jpg","type":"image\/jpeg"}],"twitter_card":"summary_large_image","twitter_misc":{"Gesch\u00e4tzte Lesezeit":"2\u00a0Minuten"},"schema":{"@context":"https:\/\/schema.org","@graph":[{"@type":"WebPage","@id":"https:\/\/contrast.dk\/de\/private-label\/","url":"https:\/\/contrast.dk\/de\/private-label\/","name":"Private Label &middot; Contrast Company A\/S","isPartOf":{"@id":"https:\/\/contrast.dk\/#website"},"datePublished":"2021-12-22T14:57:23+00:00","dateModified":"2022-09-08T14:21:22+00:00","breadcrumb":{"@id":"https:\/\/contrast.dk\/de\/private-label\/#breadcrumb"},"inLanguage":"de","potentialAction":[{"@type":"ReadAction","target":["https:\/\/contrast.dk\/de\/private-label\/"]}]},{"@type":"BreadcrumbList","@id":"https:\/\/contrast.dk\/de\/private-label\/#breadcrumb","itemListElement":[{"@type":"ListItem","position":1,"name":"Hjem","item":"https:\/\/contrast.dk\/de\/"},{"@type":"ListItem","position":2,"name":"Private Label"}]},{"@type":"WebSite","@id":"https:\/\/contrast.dk\/#website","url":"https:\/\/contrast.dk\/","name":"Contrast Company A\/S","description":"Vi str\u00e6ber efter at v\u00e6re din foretrukne licenspartner","publisher":{"@id":"https:\/\/contrast.dk\/#organization"},"potentialAction":[{"@type":"SearchAction","target":{"@type":"EntryPoint","urlTemplate":"https:\/\/contrast.dk\/?s={search_term_string}"},"query-input":"required name=search_term_string"}],"inLanguage":"de"},{"@type":"Organization","@id":"https:\/\/contrast.dk\/#organization","name":"Contrast Company A\/S","url":"https:\/\/contrast.dk\/","logo":{"@type":"ImageObject","inLanguage":"de","@id":"https:\/\/contrast.dk\/#\/schema\/logo\/image\/","url":"https:\/\/contrast.dk\/wp-content\/uploads\/2021\/12\/contrast-logo-hvid-grn.svg","contentUrl":"https:\/\/contrast.dk\/wp-content\/uploads\/2021\/12\/contrast-logo-hvid-grn.svg","width":275,"height":57,"caption":"Contrast Company A\/S"},"image":{"@id":"https:\/\/contrast.dk\/#\/schema\/logo\/image\/"}}]}},"_links":{"self":[{"href":"https:\/\/contrast.dk\/de\/wp-json\/wp\/v2\/pages\/5445"}],"collection":[{"href":"https:\/\/contrast.dk\/de\/wp-json\/wp\/v2\/pages"}],"about":[{"href":"https:\/\/contrast.dk\/de\/wp-json\/wp\/v2\/types\/page"}],"author":[{"embeddable":true,"href":"https:\/\/contrast.dk\/de\/wp-json\/wp\/v2\/users\/1"}],"replies":[{"embeddable":true,"href":"https:\/\/contrast.dk\/de\/wp-json\/wp\/v2\/comments?post=5445"}],"version-history":[{"count":4,"href":"https:\/\/contrast.dk\/de\/wp-json\/wp\/v2\/pages\/5445\/revisions"}],"predecessor-version":[{"id":5720,"href":"https:\/\/contrast.dk\/de\/wp-json\/wp\/v2\/pages\/5445\/revisions\/5720"}],"wp:featuredmedia":[{"embeddable":true,"href":"https:\/\/contrast.dk\/de\/wp-json\/wp\/v2\/media\/5035"}],"wp:attachment":[{"href":"https:\/\/contrast.dk\/de\/wp-json\/wp\/v2\/media?parent=5445"}],"wp:term":[{"taxonomy":"category","embeddable":true,"href":"https:\/\/contrast.dk\/de\/wp-json\/wp\/v2\/categories?post=5445"}],"curies":[{"name":"wp","href":"https:\/\/api.w.org\/{rel}","templated":true}]}}