{"id":5216,"date":"2021-12-22T15:57:23","date_gmt":"2021-12-22T14:57:23","guid":{"rendered":"https:\/\/contrast.dk\/marken\/"},"modified":"2022-09-08T16:22:39","modified_gmt":"2022-09-08T14:22:39","slug":"marken","status":"publish","type":"page","link":"https:\/\/contrast.dk\/de\/marken\/","title":{"rendered":"Marken"},"content":{"rendered":"<section class=\"wpb-content-wrapper\"><p>[vc_row full_width=&#8220;stretch_row&#8220;][vc_column width=&#8220;1\/12&#8243;][\/vc_column][vc_column width=&#8220;5\/6&#8243;]<div class=\"ult-spacer spacer-69ea4da03951d\" data-id=\"69ea4da03951d\" data-height=\"90\" data-height-mobile=\"60\" data-height-tab=\"90\" data-height-tab-portrait=\"60\" data-height-mobile-landscape=\"60\" style=\"clear:both;display:block;\"><\/div>[vc_column_text el_class=&#8220;custom&#8220;]<\/p>\n<h2 style=\"text-align: center;\">WIR ENTWICKELN UND ERSCHAFFEN STARKE KONZEPTMARKEN<\/h2>\n<p>[\/vc_column_text][vc_empty_space height=&#8220;30px&#8220;][vc_separator color=&#8220;custom&#8220; border_width=&#8220;5&#8243; el_width=&#8220;20&#8243; accent_color=&#8220;#00983a&#8220;]<div class=\"ult-spacer spacer-69ea4da03955a\" data-id=\"69ea4da03955a\" data-height=\"60\" data-height-mobile=\"30\" data-height-tab=\"60\" data-height-tab-portrait=\"60\" data-height-mobile-landscape=\"30\" style=\"clear:both;display:block;\"><\/div>[vc_column_text]<\/p>\n<h4 style=\"text-align: center;\">HOHE QUALIT\u00c4T UND EINE KLARE DNA<\/h4>\n<p style=\"text-align: center;\">Wir liefern starke internationale Konzeptmarken an unsere Kunden in ganz Europa. Fortlaufend entwickeln wir unsere Konzepte und Marken weiter, damit Ihnen stets eine aktuelle und zeitgem\u00e4\u00dfe Kollektion zur Verf\u00fcgung steht, die den Bed\u00fcrfnissen Ihrer Kunden entspricht.<\/p>\n<p style=\"text-align: center;\">Unsere Kollektionen sind saisonal und werden daher st\u00e4ndig um neue Waren erg\u00e4nzt. Unsere Marken haben ihre ganz eigene starke DNA. Ihr gemeinsames Merkmal: Der starke Fokus auf Umwelt, Qualit\u00e4t, Trends und Marktnachfrage.<\/p>\n<p style=\"text-align: center;\">M\u00f6chten Sie gern mehr \u00fcber unsere Eigenmarken erfahren? Melden Sie sich gern jederzeit bei uns-<\/p>\n<p>[\/vc_column_text]<div class=\"ult-spacer spacer-69ea4da039574\" data-id=\"69ea4da039574\" data-height=\"90\" data-height-mobile=\"60\" data-height-tab=\"90\" data-height-tab-portrait=\"60\" data-height-mobile-landscape=\"60\" style=\"clear:both;display:block;\"><\/div>[\/vc_column][vc_column width=&#8220;1\/12&#8243;][\/vc_column][\/vc_row][vc_row full_width=&#8220;stretch_row&#8220; css=&#8220;.vc_custom_1646049306584{background-color: #575756 !important;}&#8220; el_class=&#8220;white&#8220;][vc_column][vc_empty_space height=&#8220;60px&#8220;][vc_column_text]<\/p>\n<h4 style=\"text-align: center;\">UNSERE MARKEN<\/h4>\n<p>[\/vc_column_text][vc_empty_space height=&#8220;30px&#8220;][vc_raw_html el_class=&#8220;custom-cta&#8220;]JTNDY2VudGVyJTNFJTNDYSUyMGNsYXNzJTNEJTIyc21vb3RoLXNjcm9sbCUyMiUyMGhyZWYlM0QlMjIlMjNraW5ncyUyMiUzRUtpbmdzaGlsbCUyMFBvbG8lMjBDbHViJTNDJTJGYSUzRSUyMCVFMiU4MCVBMiUyMCUzQ2ElMjBjbGFzcyUzRCUyMnNtb290aC1zY3JvbGwlMjIlMjBocmVmJTNEJTIyJTIzZXhwbG9yZXIlMjIlM0VFeHBsb3JlciUyMG9mJTIwTm9yd2F5JTNDJTJGYSUzRSUyMCVFMiU4MCVBMiUyMCUzQ2ElMjBjbGFzcyUzRCUyMnNtb290aC1zY3JvbGwlMjIlMjAlMjBocmVmJTNEJTIyJTIzbG9yZW56byUyMiUzRUxvcmVuem8lM0MlMkZhJTNFJTIwJUUyJTgwJUEyJTIwJTNDYSUyMGNsYXNzJTNEJTIyc21vb3RoLXNjcm9sbCUyMiUyMGhyZWYlM0QlMjIlMjNvbmNhJTIyJTNFT25jYSUyMFNwb3J0JTNDJTJGYSUzRSUyMCVFMiU4MCVBMiUyMCUzQ2ElMjBjbGFzcyUzRCUyMnNtb290aC1zY3JvbGwlMjIlMjBocmVmJTNEJTIyJTIzaG9yc2UlMjIlM0VNZSUyMGFuZCUyME15JTIwSG9yc2UlM0MlMkZhJTNFJTNDJTJGY2VudGVyJTNFJTBBJTBB[\/vc_raw_html][vc_empty_space height=&#8220;60px&#8220;][\/vc_column][\/vc_row][vc_row full_width=&#8220;stretch_row_content&#8220; el_id=&#8220;kings&#8220;][vc_column]<div class=\"ult-spacer spacer-69ea4da03958b\" data-id=\"69ea4da03958b\" data-height=\"90\" data-height-mobile=\"30\" data-height-tab=\"90\" data-height-tab-portrait=\"60\" data-height-mobile-landscape=\"30\" style=\"clear:both;display:block;\"><\/div>[vc_row_inner equal_height=&#8220;yes&#8220; content_placement=&#8220;middle&#8220;][vc_column_inner el_class=&#8220;small-stretch&#8220; offset=&#8220;vc_col-lg-6 vc_col-md-6 vc_col-xs-12&#8243;][vc_column_text el_class=&#8220;green&#8220;]<\/p>\n<h3>KINGSHILL POLO CLUB<\/h3>\n<p>[\/vc_column_text][vc_empty_space height=&#8220;15px&#8220;][vc_separator color=&#8220;custom&#8220; align=&#8220;align_left&#8220; border_width=&#8220;5&#8243; el_width=&#8220;20&#8243; accent_color=&#8220;#00983a&#8220;][vc_empty_space height=&#8220;30px&#8220;][vc_column_text]<\/p>\n<h4>KLASSISCHES UND ZEITLOSES DESIGN F\u00dcR DEN ALLTAG<\/h4>\n<p>Kingshill Polo Club steht f\u00fcr zeitlose, sportliche und klassische Damen- und Herrenmode. Die Hauptfarben sind Blau, Rot und Wei\u00df, je nach Saison kommen aber auch andere Farben zum Einsatz. Bei Kingshill Polo Club stehen die Details im Fokus und s\u00e4mtliche neue Kollektionen werden anhand aktueller Trends entwickelt, ohne dabei Kompromisse in puncto Marken-DNA einzugehen, die auf dem US-amerikanischen und englischen Polosport beruht.<\/p>\n<p>M\u00f6chten Sie gern mehr \u00fcber Kingshill Polo Club erfahren? Melden Sie sich gern jederzeit bei uns.[\/vc_column_text][\/vc_column_inner][vc_column_inner css=&#8220;.vc_custom_1655297015333{background-image: url(https:\/\/contrast.dk\/wp-content\/uploads\/2022\/06\/mode-showroom-kingshill-6-logo24-scaled.jpg?id=4441) !important;background-position: center !important;background-repeat: no-repeat !important;background-size: cover !important;}&#8220; offset=&#8220;vc_col-lg-6 vc_col-md-6 vc_col-xs-12&#8243;]<div class=\"ult-spacer spacer-69ea4da0395a0\" data-id=\"69ea4da0395a0\" data-height=\"600\" data-height-mobile=\"200\" data-height-tab=\"600\" data-height-tab-portrait=\"400\" data-height-mobile-landscape=\"250\" style=\"clear:both;display:block;\"><\/div>[\/vc_column_inner][\/vc_row_inner]<div class=\"ult-spacer spacer-69ea4da0395b5\" data-id=\"69ea4da0395b5\" data-height=\"90\" data-height-mobile=\"0\" data-height-tab=\"90\" data-height-tab-portrait=\"0\" data-height-mobile-landscape=\"0\" style=\"clear:both;display:block;\"><\/div>[vc_row_inner equal_height=&#8220;yes&#8220; content_placement=&#8220;middle&#8220; el_id=&#8220;explorer&#8220; el_class=&#8220;reverse&#8220;][vc_column_inner css=&#8220;.vc_custom_1655297024875{background-image: url(https:\/\/contrast.dk\/wp-content\/uploads\/2022\/06\/showroom-apparel-explorerofnorway-logo22-scaled.jpg?id=4442) !important;background-position: center !important;background-repeat: no-repeat !important;background-size: cover !important;}&#8220; offset=&#8220;vc_col-lg-6 vc_col-md-6 vc_col-xs-12&#8243;]<div class=\"ult-spacer spacer-69ea4da0395c9\" data-id=\"69ea4da0395c9\" data-height=\"600\" data-height-mobile=\"200\" data-height-tab=\"600\" data-height-tab-portrait=\"400\" data-height-mobile-landscape=\"250\" style=\"clear:both;display:block;\"><\/div>[\/vc_column_inner][vc_column_inner el_class=&#8220;small-stretch&#8220; offset=&#8220;vc_col-lg-6 vc_col-md-6 vc_col-xs-12&#8243;][vc_column_text el_class=&#8220;green&#8220;]<\/p>\n<h3>EXPLORER OF NORWAY<\/h3>\n<p>[\/vc_column_text][vc_empty_space height=&#8220;15px&#8220;][vc_separator color=&#8220;custom&#8220; align=&#8220;align_left&#8220; border_width=&#8220;5&#8243; el_width=&#8220;20&#8243; accent_color=&#8220;#00983a&#8220;][vc_empty_space height=&#8220;30px&#8220;][vc_column_text]<\/p>\n<h4>AKTIVES OUTDOOR-LEBEN F\u00dcR TEENAGER UND ERWACHSENE<\/h4>\n<p>Explorer of Norway ist eine Freizeit- und Outdoor-Marke, die sich an Teenager, Damen und Herren richtet. Wie der Name bereits andeutet, dreht sich bei diesen Kollektionen alles um die norwegische Flagge, und die Marke ist von norwegischen Outdoor-Aktivit\u00e4ten inspiriert, darunter Trekking, Laufen und Skifahren. Daher haben wir uns bei der Entwicklung stark auf Passform, Qualit\u00e4t und Komfort konzentriert, ohne dabei die saisonalen Trends au\u00dfer Acht zu lassen, und unsere vielen Styles passen perfekt zu allen Jahreszeiten.<\/p>\n<p>M\u00f6chten Sie gern mehr \u00fcber Explorer of Norway erfahren? Melden Sie sich gern jederzeit bei uns.[\/vc_column_text][\/vc_column_inner][\/vc_row_inner]<div class=\"ult-spacer spacer-69ea4da0395dc\" data-id=\"69ea4da0395dc\" data-height=\"90\" data-height-mobile=\"0\" data-height-tab=\"90\" data-height-tab-portrait=\"0\" data-height-mobile-landscape=\"0\" style=\"clear:both;display:block;\"><\/div>[vc_row_inner equal_height=&#8220;yes&#8220; content_placement=&#8220;middle&#8220; el_id=&#8220;lorenzo&#8220;][vc_column_inner el_class=&#8220;small-stretch&#8220; offset=&#8220;vc_col-lg-6 vc_col-md-6 vc_col-xs-12&#8243;][vc_column_text el_class=&#8220;green&#8220;]<\/p>\n<h3>LORENZO<\/h3>\n<p>[\/vc_column_text][vc_empty_space height=&#8220;15px&#8220;][vc_separator color=&#8220;custom&#8220; align=&#8220;align_left&#8220; border_width=&#8220;5&#8243; el_width=&#8220;20&#8243; accent_color=&#8220;#00983a&#8220;][vc_empty_space height=&#8220;30px&#8220;][vc_column_text]<\/p>\n<h4>FREIZEITKLEIDUNG F\u00dcR HERREN \u2013 IM ITALIENISCHEN DESIGN<\/h4>\n<p>Lorenzo ist eine stilvolle Marke f\u00fcr den modernen Mann, bei der viel Wert auf gute Schnitte, Muster und feine Details gelegt wird. Inspiriert ist die Marke vom klassischen italienischen Stil, bei dem man seine Kleidung auf nat\u00fcrliche und entspannte Weise tr\u00e4gt. Lorenzo hat ein Vorbild somit im italienischen Mann, der sich elegant und klassisch kleidet, sich jedoch auch nicht davor scheut, mit Farben und Mustern zu spielen.<\/p>\n<p>M\u00f6chten Sie gern mehr \u00fcber Lorenzo erfahren? Melden Sie sich gern jederzeit bei uns.[\/vc_column_text][\/vc_column_inner][vc_column_inner css=&#8220;.vc_custom_1655297050725{background-image: url(https:\/\/contrast.dk\/wp-content\/uploads\/2022\/06\/lorenzo-miljo-logo17-scaled.jpg?id=4443) !important;background-position: center !important;background-repeat: no-repeat !important;background-size: cover !important;}&#8220; offset=&#8220;vc_col-lg-6 vc_col-md-6 vc_col-xs-12&#8243;]<div class=\"ult-spacer spacer-69ea4da0395ee\" data-id=\"69ea4da0395ee\" data-height=\"600\" data-height-mobile=\"200\" data-height-tab=\"600\" data-height-tab-portrait=\"400\" data-height-mobile-landscape=\"250\" style=\"clear:both;display:block;\"><\/div>[\/vc_column_inner][\/vc_row_inner]<div class=\"ult-spacer spacer-69ea4da039600\" data-id=\"69ea4da039600\" data-height=\"90\" data-height-mobile=\"0\" data-height-tab=\"90\" data-height-tab-portrait=\"0\" data-height-mobile-landscape=\"0\" style=\"clear:both;display:block;\"><\/div>[vc_row_inner equal_height=&#8220;yes&#8220; content_placement=&#8220;middle&#8220; el_id=&#8220;onca&#8220; el_class=&#8220;reverse&#8220;][vc_column_inner css=&#8220;.vc_custom_1655297058299{background-image: url(https:\/\/contrast.dk\/wp-content\/uploads\/2022\/06\/oncasport-miljo-logo22-scaled.jpg?id=4444) !important;background-position: center !important;background-repeat: no-repeat !important;background-size: cover !important;}&#8220; offset=&#8220;vc_col-lg-6 vc_col-md-6 vc_col-xs-12&#8243;]<div class=\"ult-spacer spacer-69ea4da039612\" data-id=\"69ea4da039612\" data-height=\"600\" data-height-mobile=\"200\" data-height-tab=\"600\" data-height-tab-portrait=\"400\" data-height-mobile-landscape=\"250\" style=\"clear:both;display:block;\"><\/div>[\/vc_column_inner][vc_column_inner el_class=&#8220;small-stretch&#8220; offset=&#8220;vc_col-lg-6 vc_col-md-6 vc_col-xs-12&#8243;][vc_column_text el_class=&#8220;green&#8220;]<\/p>\n<h3>ONCA<\/h3>\n<p>[\/vc_column_text][vc_empty_space height=&#8220;15px&#8220;][vc_separator color=&#8220;custom&#8220; align=&#8220;align_left&#8220; border_width=&#8220;5&#8243; el_width=&#8220;20&#8243; accent_color=&#8220;#00983a&#8220;][vc_empty_space height=&#8220;30px&#8220;][vc_column_text]<\/p>\n<h4>FITNESSKLEIDUNG F\u00dcR ERWACHSENE UND KINDER<\/h4>\n<p>ONCA ist eine Fitnessmarke f\u00fcr aktive Erwachsene und Kinder. Wir entwickeln Trainingskleidung mit vielseitigen Designs, die smart, gem\u00fctlich, und komfortabel sind und sich f\u00fcrs Laufen und andere allt\u00e4gliche sportliche Aktivit\u00e4ten eignen. Stets folgen wir den neuesten Trends in puncto Farben, Prints und Details, ohne dabei Kompromisse bei der Passform und Qualit\u00e4t einzugehen.<\/p>\n<p>M\u00f6chten Sie gern mehr \u00fcber ONCA erfahren? Melden Sie sich gern jederzeit bei uns.[\/vc_column_text][\/vc_column_inner][\/vc_row_inner]<div class=\"ult-spacer spacer-69ea4da039623\" data-id=\"69ea4da039623\" data-height=\"90\" data-height-mobile=\"0\" data-height-tab=\"90\" data-height-tab-portrait=\"0\" data-height-mobile-landscape=\"0\" style=\"clear:both;display:block;\"><\/div>[vc_row_inner equal_height=&#8220;yes&#8220; content_placement=&#8220;middle&#8220; el_id=&#8220;horse&#8220;][vc_column_inner el_class=&#8220;small-stretch&#8220; offset=&#8220;vc_col-lg-6 vc_col-md-6 vc_col-xs-12&#8243;][vc_column_text el_class=&#8220;green&#8220;]<\/p>\n<h3>ME AND MY HORSE<\/h3>\n<p>[\/vc_column_text][vc_empty_space height=&#8220;15px&#8220;][vc_separator color=&#8220;custom&#8220; align=&#8220;align_left&#8220; border_width=&#8220;5&#8243; el_width=&#8220;20&#8243; accent_color=&#8220;#00983a&#8220;][vc_empty_space height=&#8220;30px&#8220;][vc_column_text]<\/p>\n<h4>KLEIDUNG F\u00dcR KINDER, DIE PFERDE LIEBEN<\/h4>\n<p>Me &amp; My Horse ist eine Unisex-Kinderbekleidungsmarke, die smarte und modische Kleidung f\u00fcr Kinder bietet, die Pferde und Tiere im Allgemeinen lieben.<\/p>\n<p>Wir entwickeln ansehnliche und verspielte Prints mit Pferden, Blumen, Herzen und Glitzer \u2013 alles im skandinavischen Look. Unsere Designs richten sich an Kinder mit einem aktiven Alltag. Daher legen wir gro\u00dfen Wert auf Passformen, die Beweglichkeit erm\u00f6glichen, und auf komfortable hochwertige Materialien.<\/p>\n<p>M\u00f6chten Sie gern mehr \u00fcber Me &amp; My Horse erfahren? Melden Sie sich gern jederzeit bei uns.[\/vc_column_text][\/vc_column_inner][vc_column_inner css=&#8220;.vc_custom_1655715444779{background-image: url(https:\/\/contrast.dk\/wp-content\/uploads\/2022\/06\/meandmyhorse-miljo-logo23-scaled.jpg?id=4497) !important;background-position: center !important;background-repeat: no-repeat !important;background-size: cover !important;}&#8220; offset=&#8220;vc_col-lg-6 vc_col-md-6 vc_col-xs-12&#8243;]<div class=\"ult-spacer spacer-69ea4da039641\" data-id=\"69ea4da039641\" data-height=\"600\" data-height-mobile=\"200\" data-height-tab=\"600\" data-height-tab-portrait=\"400\" data-height-mobile-landscape=\"250\" style=\"clear:both;display:block;\"><\/div>[\/vc_column_inner][\/vc_row_inner]<div class=\"ult-spacer spacer-69ea4da039655\" data-id=\"69ea4da039655\" data-height=\"90\" data-height-mobile=\"60\" data-height-tab=\"90\" data-height-tab-portrait=\"60\" data-height-mobile-landscape=\"60\" style=\"clear:both;display:block;\"><\/div>[\/vc_column][\/vc_row][vc_row el_class=&#8220;bokse-2-custom&#8220;][vc_column width=&#8220;1\/2&#8243; el_class=&#8220;specouter1 2bokse&#8220; css=&#8220;.vc_custom_1657616754754{background-image: url(https:\/\/contrast.dk\/wp-content\/uploads\/2022\/03\/showroom-apparel-explorerofnorway-rotated.jpg?id=4171) !important;background-position: center !important;background-repeat: no-repeat !important;background-size: cover !important;}&#8220;][vc_row_inner][vc_column_inner el_class=&#8220;specinner1&#8243;][vc_column_text]<\/p>\n<h4 style=\"text-align: center;\">LIZENZEN<\/h4>\n<p style=\"text-align: center;\">Disney, Marvel, Coca Cola, Paw Patrol, Harry Potter, Gurli Gris u.a.<\/p>\n<p>[\/vc_column_text][vc_empty_space height=&#8220;30px&#8220;][vc_btn title=&#8220;MEHR ERFAHREN&#8220; style=&#8220;outline-custom&#8220; outline_custom_color=&#8220;#ffffff&#8220; outline_custom_hover_background=&#8220;#ffffff&#8220; outline_custom_hover_text=&#8220;#000000&#8243; shape=&#8220;square&#8220; align=&#8220;center&#8220; link=&#8220;url:%2Fde%2Flizenzen%2F|title:Lizenzen&#8220;][\/vc_column_inner][\/vc_row_inner][\/vc_column][vc_column width=&#8220;1\/2&#8243; el_class=&#8220;specouter1 2bokse&#8220; css=&#8220;.vc_custom_1657616751908{background-image: url(https:\/\/contrast.dk\/wp-content\/uploads\/2022\/03\/avengers-rotated.jpg?id=4132) !important;background-position: center !important;background-repeat: no-repeat !important;background-size: cover !important;}&#8220;][vc_row_inner][vc_column_inner el_class=&#8220;specinner1&#8243;][vc_column_text]<\/p>\n<h4 style=\"text-align: center;\">PRIVATE LABEL<\/h4>\n<p style=\"text-align: center;\">Kreatives und kompetentes Sparring und Entwicklung von Private Label-Produkten.<\/p>\n<p>[\/vc_column_text][vc_empty_space height=&#8220;30px&#8220;][vc_btn title=&#8220;MEHR ERFAHREN&#8220; style=&#8220;outline-custom&#8220; outline_custom_color=&#8220;#ffffff&#8220; outline_custom_hover_background=&#8220;#ffffff&#8220; outline_custom_hover_text=&#8220;#000000&#8243; shape=&#8220;square&#8220; align=&#8220;center&#8220; link=&#8220;url:%2Fde%2Fprivate-label%2F|title:Private%20Label&#8220;][\/vc_column_inner][\/vc_row_inner][\/vc_column][\/vc_row][vc_row full_width=&#8220;stretch_row&#8220;][vc_column]<div class=\"ult-spacer spacer-69ea4da03966c\" data-id=\"69ea4da03966c\" data-height=\"90\" data-height-mobile=\"60\" data-height-tab=\"90\" data-height-tab-portrait=\"60\" data-height-mobile-landscape=\"60\" style=\"clear:both;display:block;\"><\/div>[\/vc_column][\/vc_row][vc_row full_width=&#8220;stretch_row&#8220; css=&#8220;.vc_custom_1656921155224{background-image: url(https:\/\/contrast.dk\/wp-content\/uploads\/2021\/12\/mde-showroom-kingshill-5-rotated-e1646132584252.jpg?id=3253) !important;background-position: center !important;background-repeat: no-repeat !important;background-size: cover !important;}&#8220;][vc_column]<div class=\"ult-spacer spacer-69ea4da03967e\" data-id=\"69ea4da03967e\" data-height=\"400\" data-height-mobile=\"300\" data-height-tab=\"400\" data-height-tab-portrait=\"400\" data-height-mobile-landscape=\"300\" style=\"clear:both;display:block;\"><\/div>[\/vc_column][\/vc_row][vc_row full_width=&#8220;stretch_row_content_no_spaces&#8220; css=&#8220;.vc_custom_1640193177868{background-image: url(https:\/\/contrast.dk\/wp-content\/uploads\/2021\/12\/header-tree-dark-green.svg?id=3123) !important;}&#8220; el_class=&#8220;tree&#8220;][vc_column]<div class=\"ult-spacer spacer-69ea4da03968d\" data-id=\"69ea4da03968d\" data-height=\"130\" data-height-mobile=\"60\" data-height-tab=\"130\" data-height-tab-portrait=\"60\" data-height-mobile-landscape=\"60\" style=\"clear:both;display:block;\"><\/div>[vc_row_inner][vc_column_inner width=&#8220;1\/3&#8243; offset=&#8220;vc_col-lg-2 vc_col-md-4 vc_col-xs-12&#8243;][\/vc_column_inner][vc_column_inner width=&#8220;2\/3&#8243; offset=&#8220;vc_col-lg-10 vc_col-md-8 vc_col-xs-12&#8243;][vc_empty_space height=&#8220;60px&#8220;][vc_column_text el_class=&#8220;text-tree&#8220;]<\/p>\n<h3><span style=\"color: #00983a;\">Let&#8217;s win together<\/span><\/h3>\n<p>[\/vc_column_text][\/vc_column_inner][\/vc_row_inner]<div class=\"ult-spacer spacer-69ea4da03969c\" data-id=\"69ea4da03969c\" data-height=\"90\" data-height-mobile=\"60\" data-height-tab=\"90\" data-height-tab-portrait=\"60\" data-height-mobile-landscape=\"60\" style=\"clear:both;display:block;\"><\/div>[\/vc_column][\/vc_row]<\/p>\n<\/section>","protected":false},"excerpt":{"rendered":"<p>&#8230; DIE NUR WIR HABEN<\/p>\n","protected":false},"author":1,"featured_media":5063,"parent":0,"menu_order":3,"comment_status":"closed","ping_status":"closed","template":"","meta":{"footnotes":""},"categories":[],"acf":[],"yoast_head":"<!-- This site is optimized with the Yoast SEO plugin v20.10 - https:\/\/yoast.com\/wordpress\/plugins\/seo\/ -->\n<title>Marken &middot; Contrast Company A\/S<\/title>\n<meta name=\"robots\" content=\"index, follow, max-snippet:-1, max-image-preview:large, max-video-preview:-1\" \/>\n<link rel=\"canonical\" href=\"https:\/\/contrast.dk\/de\/marken\/\" \/>\n<meta property=\"og:locale\" content=\"de_DE\" \/>\n<meta property=\"og:type\" content=\"article\" \/>\n<meta property=\"og:title\" content=\"Marken &middot; Contrast Company A\/S\" \/>\n<meta property=\"og:description\" content=\"... DIE NUR WIR HABEN\" \/>\n<meta property=\"og:url\" content=\"https:\/\/contrast.dk\/de\/marken\/\" \/>\n<meta property=\"og:site_name\" content=\"Contrast Company A\/S\" \/>\n<meta property=\"article:modified_time\" content=\"2022-09-08T14:22:39+00:00\" \/>\n<meta property=\"og:image\" content=\"https:\/\/contrast.dk\/wp-content\/uploads\/2022\/03\/showroom-apparel-explorerofnorway-rotated.jpg\" \/>\n\t<meta property=\"og:image:width\" content=\"2000\" \/>\n\t<meta property=\"og:image:height\" content=\"1333\" \/>\n\t<meta property=\"og:image:type\" content=\"image\/jpeg\" \/>\n<meta name=\"twitter:card\" content=\"summary_large_image\" \/>\n<meta name=\"twitter:label1\" content=\"Gesch\u00e4tzte Lesezeit\" \/>\n\t<meta name=\"twitter:data1\" content=\"4\u00a0Minuten\" \/>\n<script type=\"application\/ld+json\" class=\"yoast-schema-graph\">{\"@context\":\"https:\/\/schema.org\",\"@graph\":[{\"@type\":\"WebPage\",\"@id\":\"https:\/\/contrast.dk\/de\/marken\/\",\"url\":\"https:\/\/contrast.dk\/de\/marken\/\",\"name\":\"Marken &middot; Contrast Company A\/S\",\"isPartOf\":{\"@id\":\"https:\/\/contrast.dk\/#website\"},\"datePublished\":\"2021-12-22T14:57:23+00:00\",\"dateModified\":\"2022-09-08T14:22:39+00:00\",\"breadcrumb\":{\"@id\":\"https:\/\/contrast.dk\/de\/marken\/#breadcrumb\"},\"inLanguage\":\"de\",\"potentialAction\":[{\"@type\":\"ReadAction\",\"target\":[\"https:\/\/contrast.dk\/de\/marken\/\"]}]},{\"@type\":\"BreadcrumbList\",\"@id\":\"https:\/\/contrast.dk\/de\/marken\/#breadcrumb\",\"itemListElement\":[{\"@type\":\"ListItem\",\"position\":1,\"name\":\"Hjem\",\"item\":\"https:\/\/contrast.dk\/de\/\"},{\"@type\":\"ListItem\",\"position\":2,\"name\":\"Marken\"}]},{\"@type\":\"WebSite\",\"@id\":\"https:\/\/contrast.dk\/#website\",\"url\":\"https:\/\/contrast.dk\/\",\"name\":\"Contrast Company A\/S\",\"description\":\"Vi str\u00e6ber efter at v\u00e6re din foretrukne licenspartner\",\"publisher\":{\"@id\":\"https:\/\/contrast.dk\/#organization\"},\"potentialAction\":[{\"@type\":\"SearchAction\",\"target\":{\"@type\":\"EntryPoint\",\"urlTemplate\":\"https:\/\/contrast.dk\/?s={search_term_string}\"},\"query-input\":\"required name=search_term_string\"}],\"inLanguage\":\"de\"},{\"@type\":\"Organization\",\"@id\":\"https:\/\/contrast.dk\/#organization\",\"name\":\"Contrast Company A\/S\",\"url\":\"https:\/\/contrast.dk\/\",\"logo\":{\"@type\":\"ImageObject\",\"inLanguage\":\"de\",\"@id\":\"https:\/\/contrast.dk\/#\/schema\/logo\/image\/\",\"url\":\"https:\/\/contrast.dk\/wp-content\/uploads\/2021\/12\/contrast-logo-hvid-grn.svg\",\"contentUrl\":\"https:\/\/contrast.dk\/wp-content\/uploads\/2021\/12\/contrast-logo-hvid-grn.svg\",\"width\":275,\"height\":57,\"caption\":\"Contrast Company A\/S\"},\"image\":{\"@id\":\"https:\/\/contrast.dk\/#\/schema\/logo\/image\/\"}}]}<\/script>\n<!-- \/ Yoast SEO plugin. -->","yoast_head_json":{"title":"Marken &middot; Contrast Company A\/S","robots":{"index":"index","follow":"follow","max-snippet":"max-snippet:-1","max-image-preview":"max-image-preview:large","max-video-preview":"max-video-preview:-1"},"canonical":"https:\/\/contrast.dk\/de\/marken\/","og_locale":"de_DE","og_type":"article","og_title":"Marken &middot; Contrast Company A\/S","og_description":"... DIE NUR WIR HABEN","og_url":"https:\/\/contrast.dk\/de\/marken\/","og_site_name":"Contrast Company A\/S","article_modified_time":"2022-09-08T14:22:39+00:00","og_image":[{"width":2000,"height":1333,"url":"https:\/\/contrast.dk\/wp-content\/uploads\/2022\/03\/showroom-apparel-explorerofnorway-rotated.jpg","type":"image\/jpeg"}],"twitter_card":"summary_large_image","twitter_misc":{"Gesch\u00e4tzte Lesezeit":"4\u00a0Minuten"},"schema":{"@context":"https:\/\/schema.org","@graph":[{"@type":"WebPage","@id":"https:\/\/contrast.dk\/de\/marken\/","url":"https:\/\/contrast.dk\/de\/marken\/","name":"Marken &middot; Contrast Company A\/S","isPartOf":{"@id":"https:\/\/contrast.dk\/#website"},"datePublished":"2021-12-22T14:57:23+00:00","dateModified":"2022-09-08T14:22:39+00:00","breadcrumb":{"@id":"https:\/\/contrast.dk\/de\/marken\/#breadcrumb"},"inLanguage":"de","potentialAction":[{"@type":"ReadAction","target":["https:\/\/contrast.dk\/de\/marken\/"]}]},{"@type":"BreadcrumbList","@id":"https:\/\/contrast.dk\/de\/marken\/#breadcrumb","itemListElement":[{"@type":"ListItem","position":1,"name":"Hjem","item":"https:\/\/contrast.dk\/de\/"},{"@type":"ListItem","position":2,"name":"Marken"}]},{"@type":"WebSite","@id":"https:\/\/contrast.dk\/#website","url":"https:\/\/contrast.dk\/","name":"Contrast Company A\/S","description":"Vi str\u00e6ber efter at v\u00e6re din foretrukne licenspartner","publisher":{"@id":"https:\/\/contrast.dk\/#organization"},"potentialAction":[{"@type":"SearchAction","target":{"@type":"EntryPoint","urlTemplate":"https:\/\/contrast.dk\/?s={search_term_string}"},"query-input":"required name=search_term_string"}],"inLanguage":"de"},{"@type":"Organization","@id":"https:\/\/contrast.dk\/#organization","name":"Contrast Company A\/S","url":"https:\/\/contrast.dk\/","logo":{"@type":"ImageObject","inLanguage":"de","@id":"https:\/\/contrast.dk\/#\/schema\/logo\/image\/","url":"https:\/\/contrast.dk\/wp-content\/uploads\/2021\/12\/contrast-logo-hvid-grn.svg","contentUrl":"https:\/\/contrast.dk\/wp-content\/uploads\/2021\/12\/contrast-logo-hvid-grn.svg","width":275,"height":57,"caption":"Contrast Company A\/S"},"image":{"@id":"https:\/\/contrast.dk\/#\/schema\/logo\/image\/"}}]}},"_links":{"self":[{"href":"https:\/\/contrast.dk\/de\/wp-json\/wp\/v2\/pages\/5216"}],"collection":[{"href":"https:\/\/contrast.dk\/de\/wp-json\/wp\/v2\/pages"}],"about":[{"href":"https:\/\/contrast.dk\/de\/wp-json\/wp\/v2\/types\/page"}],"author":[{"embeddable":true,"href":"https:\/\/contrast.dk\/de\/wp-json\/wp\/v2\/users\/1"}],"replies":[{"embeddable":true,"href":"https:\/\/contrast.dk\/de\/wp-json\/wp\/v2\/comments?post=5216"}],"version-history":[{"count":6,"href":"https:\/\/contrast.dk\/de\/wp-json\/wp\/v2\/pages\/5216\/revisions"}],"predecessor-version":[{"id":5722,"href":"https:\/\/contrast.dk\/de\/wp-json\/wp\/v2\/pages\/5216\/revisions\/5722"}],"wp:featuredmedia":[{"embeddable":true,"href":"https:\/\/contrast.dk\/de\/wp-json\/wp\/v2\/media\/5063"}],"wp:attachment":[{"href":"https:\/\/contrast.dk\/de\/wp-json\/wp\/v2\/media?parent=5216"}],"wp:term":[{"taxonomy":"category","embeddable":true,"href":"https:\/\/contrast.dk\/de\/wp-json\/wp\/v2\/categories?post=5216"}],"curies":[{"name":"wp","href":"https:\/\/api.w.org\/{rel}","templated":true}]}}